{"id":55,"date":"2022-03-18T11:43:45","date_gmt":"2022-03-18T14:43:45","guid":{"rendered":"https:\/\/eleicoes.local\/crp08\/?page_id=55"},"modified":"2025-02-25T15:34:39","modified_gmt":"2025-02-25T18:34:39","slug":"duvidas","status":"publish","type":"page","link":"https:\/\/eleicoespsicologia.org.br\/crp01\/duvidas\/","title":{"rendered":"D\u00favidas"},"content":{"rendered":"\n<p>Veja as formas de tirar suas d\u00favidas em rela\u00e7\u00e3o ao processo eleitoral:<\/p>\n\n\n\n<div class=\"wp-block-buttons is-layout-flex wp-block-buttons-is-layout-flex\">\n<div class=\"wp-block-button has-custom-width wp-block-button__width-100\"><a class=\"wp-block-button__link wp-element-button\" href=\"\/crp01\/perguntas-frequentes\/\">Perguntas frequentes<\/a><\/div>\n\n\n\n<div class=\"wp-block-button has-custom-width wp-block-button__width-100\"><a class=\"wp-block-button__link wp-element-button\" href=\"mailto:eleicoescrp01df@gmail.com\">E-mail: eleicoescrp01df@gmail.com<\/a><\/div>\n<\/div>\n\n\n\n<p><\/p>\n","protected":false},"excerpt":{"rendered":"<p>Veja as formas de tirar suas d\u00favidas em rela\u00e7\u00e3o ao processo eleitoral:<\/p>\n","protected":false},"author":2,"featured_media":0,"parent":0,"menu_order":0,"comment_status":"closed","ping_status":"closed","template":"","meta":{"_acf_changed":false,"footnotes":""},"class_list":["post-55","page","type-page","status-publish","hentry"],"acf":[],"_links":{"self":[{"href":"https:\/\/eleicoespsicologia.org.br\/crp01\/wp-json\/wp\/v2\/pages\/55","targetHints":{"allow":["GET"]}}],"collection":[{"href":"https:\/\/eleicoespsicologia.org.br\/crp01\/wp-json\/wp\/v2\/pages"}],"about":[{"href":"https:\/\/eleicoespsicologia.org.br\/crp01\/wp-json\/wp\/v2\/types\/page"}],"author":[{"embeddable":true,"href":"https:\/\/eleicoespsicologia.org.br\/crp01\/wp-json\/wp\/v2\/users\/2"}],"replies":[{"embeddable":true,"href":"https:\/\/eleicoespsicologia.org.br\/crp01\/wp-json\/wp\/v2\/comments?post=55"}],"version-history":[{"count":3,"href":"https:\/\/eleicoespsicologia.org.br\/crp01\/wp-json\/wp\/v2\/pages\/55\/revisions"}],"predecessor-version":[{"id":199,"href":"https:\/\/eleicoespsicologia.org.br\/crp01\/wp-json\/wp\/v2\/pages\/55\/revisions\/199"}],"wp:attachment":[{"href":"https:\/\/eleicoespsicologia.org.br\/crp01\/wp-json\/wp\/v2\/media?parent=55"}],"curies":[{"name":"wp","href":"https:\/\/api.w.org\/{rel}","templated":true}]}}