{"id":59,"date":"2022-03-18T11:47:38","date_gmt":"2022-03-18T14:47:38","guid":{"rendered":"https:\/\/eleicoes.local\/crp08\/?page_id=59"},"modified":"2025-06-18T12:38:26","modified_gmt":"2025-06-18T15:38:26","slug":"chapas","status":"publish","type":"page","link":"https:\/\/eleicoespsicologia.org.br\/crp01\/chapas\/","title":{"rendered":"Chapas"},"content":{"rendered":"\n<p>As elei\u00e7\u00f5es para o XVII Plen\u00e1rio (gest\u00e3o 2022\/2025) do Conselho Regional de Psicologia do Distrito Federal (CRP 01\/DF) ter\u00e3o uma chapa \u00fanica, de n\u00famero 11, que se apresenta como <strong><em>Cuidar das Psicologias: ampliando lutas<\/em><\/strong> e \u00e9 encabe\u00e7ada pela psic\u00f3loga Thessa La\u00eds Pires e Guimar\u00e3es.<\/p>\n\n\n\n<p>Continue acompanhando as atualiza\u00e7\u00f5es deste site e dos canais oficiais de comunica\u00e7\u00e3o do CRP 01\/DF para novas informa\u00e7\u00f5es.<\/p>\n\n\n\n<p>Veja <strong><a href=\"https:\/\/www.youtube.com\/watch?v=4I3MGAsB-0Q&amp;t=3897s\" data-type=\"URL\" data-id=\"https:\/\/www.youtube.com\/watch?v=4I3MGAsB-0Q&amp;t=3897s\">aqui<\/a><\/strong> ou clique na imagem a seguir para assistir ao v\u00eddeo da roda de conversa de apresenta\u00e7\u00e3o da chapa \u00fanica candidata ao XVII Plen\u00e1rio do CRP 01\/DF, realizado no audit\u00f3rio do CRP 01\/DF no dia 09\/07\/2022:<\/p>\n\n\n<div class=\"wp-block-image\">\n<figure class=\"aligncenter size-large is-resized\"><a href=\"https:\/\/www.youtube.com\/watch?v=4I3MGAsB-0Q&amp;t=3897s\"><img loading=\"lazy\" decoding=\"async\" src=\"https:\/\/eleicoespsicologia.org.br\/crp01\/wp-content\/uploads\/sites\/5\/2022\/07\/Copia-de-apresentacao-da-chapa-unica-1024x576.png\" alt=\"\" class=\"wp-image-148\" width=\"547\" height=\"307\" srcset=\"https:\/\/eleicoespsicologia.org.br\/crp01\/wp-content\/uploads\/sites\/5\/2022\/07\/Copia-de-apresentacao-da-chapa-unica-1024x576.png 1024w, https:\/\/eleicoespsicologia.org.br\/crp01\/wp-content\/uploads\/sites\/5\/2022\/07\/Copia-de-apresentacao-da-chapa-unica-300x169.png 300w, https:\/\/eleicoespsicologia.org.br\/crp01\/wp-content\/uploads\/sites\/5\/2022\/07\/Copia-de-apresentacao-da-chapa-unica-768x432.png 768w, https:\/\/eleicoespsicologia.org.br\/crp01\/wp-content\/uploads\/sites\/5\/2022\/07\/Copia-de-apresentacao-da-chapa-unica-1536x864.png 1536w, https:\/\/eleicoespsicologia.org.br\/crp01\/wp-content\/uploads\/sites\/5\/2022\/07\/Copia-de-apresentacao-da-chapa-unica.png 1920w\" sizes=\"auto, (max-width: 547px) 100vw, 547px\" \/><\/a><\/figure>\n<\/div>\n\n\n<figure class=\"wp-block-gallery has-nested-images columns-default is-cropped wp-block-gallery-1 is-layout-flex wp-block-gallery-is-layout-flex\">\n<figure class=\"wp-block-image size-large\"><img loading=\"lazy\" decoding=\"async\" width=\"960\" height=\"960\" data-id=\"159\" src=\"https:\/\/eleicoespsicologia.org.br\/crp01\/wp-content\/uploads\/sites\/5\/2022\/07\/2.jpg\" alt=\"\" class=\"wp-image-159\" srcset=\"https:\/\/eleicoespsicologia.org.br\/crp01\/wp-content\/uploads\/sites\/5\/2022\/07\/2.jpg 960w, https:\/\/eleicoespsicologia.org.br\/crp01\/wp-content\/uploads\/sites\/5\/2022\/07\/2-300x300.jpg 300w, https:\/\/eleicoespsicologia.org.br\/crp01\/wp-content\/uploads\/sites\/5\/2022\/07\/2-150x150.jpg 150w, https:\/\/eleicoespsicologia.org.br\/crp01\/wp-content\/uploads\/sites\/5\/2022\/07\/2-768x768.jpg 768w\" sizes=\"auto, (max-width: 960px) 100vw, 960px\" \/><\/figure>\n\n\n\n<figure class=\"wp-block-image size-large\"><img loading=\"lazy\" decoding=\"async\" width=\"960\" height=\"960\" data-id=\"156\" src=\"https:\/\/eleicoespsicologia.org.br\/crp01\/wp-content\/uploads\/sites\/5\/2022\/07\/3.jpg\" alt=\"\" class=\"wp-image-156\" srcset=\"https:\/\/eleicoespsicologia.org.br\/crp01\/wp-content\/uploads\/sites\/5\/2022\/07\/3.jpg 960w, https:\/\/eleicoespsicologia.org.br\/crp01\/wp-content\/uploads\/sites\/5\/2022\/07\/3-300x300.jpg 300w, https:\/\/eleicoespsicologia.org.br\/crp01\/wp-content\/uploads\/sites\/5\/2022\/07\/3-150x150.jpg 150w, https:\/\/eleicoespsicologia.org.br\/crp01\/wp-content\/uploads\/sites\/5\/2022\/07\/3-768x768.jpg 768w\" sizes=\"auto, (max-width: 960px) 100vw, 960px\" \/><\/figure>\n\n\n\n<figure class=\"wp-block-image size-large\"><img loading=\"lazy\" decoding=\"async\" width=\"960\" height=\"960\" data-id=\"158\" src=\"https:\/\/eleicoespsicologia.org.br\/crp01\/wp-content\/uploads\/sites\/5\/2022\/07\/4.jpg\" alt=\"\" class=\"wp-image-158\" srcset=\"https:\/\/eleicoespsicologia.org.br\/crp01\/wp-content\/uploads\/sites\/5\/2022\/07\/4.jpg 960w, https:\/\/eleicoespsicologia.org.br\/crp01\/wp-content\/uploads\/sites\/5\/2022\/07\/4-300x300.jpg 300w, https:\/\/eleicoespsicologia.org.br\/crp01\/wp-content\/uploads\/sites\/5\/2022\/07\/4-150x150.jpg 150w, https:\/\/eleicoespsicologia.org.br\/crp01\/wp-content\/uploads\/sites\/5\/2022\/07\/4-768x768.jpg 768w\" sizes=\"auto, (max-width: 960px) 100vw, 960px\" \/><\/figure>\n\n\n\n<figure class=\"wp-block-image size-large\"><img loading=\"lazy\" decoding=\"async\" width=\"960\" height=\"960\" data-id=\"162\" src=\"https:\/\/eleicoespsicologia.org.br\/crp01\/wp-content\/uploads\/sites\/5\/2022\/07\/5.jpg\" alt=\"\" class=\"wp-image-162\" srcset=\"https:\/\/eleicoespsicologia.org.br\/crp01\/wp-content\/uploads\/sites\/5\/2022\/07\/5.jpg 960w, https:\/\/eleicoespsicologia.org.br\/crp01\/wp-content\/uploads\/sites\/5\/2022\/07\/5-300x300.jpg 300w, https:\/\/eleicoespsicologia.org.br\/crp01\/wp-content\/uploads\/sites\/5\/2022\/07\/5-150x150.jpg 150w, https:\/\/eleicoespsicologia.org.br\/crp01\/wp-content\/uploads\/sites\/5\/2022\/07\/5-768x768.jpg 768w\" sizes=\"auto, (max-width: 960px) 100vw, 960px\" \/><\/figure>\n\n\n\n<figure class=\"wp-block-image size-large\"><img loading=\"lazy\" decoding=\"async\" width=\"960\" height=\"960\" data-id=\"155\" src=\"https:\/\/eleicoespsicologia.org.br\/crp01\/wp-content\/uploads\/sites\/5\/2022\/07\/6.jpg\" alt=\"\" class=\"wp-image-155\" srcset=\"https:\/\/eleicoespsicologia.org.br\/crp01\/wp-content\/uploads\/sites\/5\/2022\/07\/6.jpg 960w, https:\/\/eleicoespsicologia.org.br\/crp01\/wp-content\/uploads\/sites\/5\/2022\/07\/6-300x300.jpg 300w, https:\/\/eleicoespsicologia.org.br\/crp01\/wp-content\/uploads\/sites\/5\/2022\/07\/6-150x150.jpg 150w, https:\/\/eleicoespsicologia.org.br\/crp01\/wp-content\/uploads\/sites\/5\/2022\/07\/6-768x768.jpg 768w\" sizes=\"auto, (max-width: 960px) 100vw, 960px\" \/><\/figure>\n\n\n\n<figure class=\"wp-block-image size-large\"><img loading=\"lazy\" decoding=\"async\" width=\"960\" height=\"960\" data-id=\"160\" src=\"https:\/\/eleicoespsicologia.org.br\/crp01\/wp-content\/uploads\/sites\/5\/2022\/07\/7.jpg\" alt=\"\" class=\"wp-image-160\" srcset=\"https:\/\/eleicoespsicologia.org.br\/crp01\/wp-content\/uploads\/sites\/5\/2022\/07\/7.jpg 960w, https:\/\/eleicoespsicologia.org.br\/crp01\/wp-content\/uploads\/sites\/5\/2022\/07\/7-300x300.jpg 300w, https:\/\/eleicoespsicologia.org.br\/crp01\/wp-content\/uploads\/sites\/5\/2022\/07\/7-150x150.jpg 150w, https:\/\/eleicoespsicologia.org.br\/crp01\/wp-content\/uploads\/sites\/5\/2022\/07\/7-768x768.jpg 768w\" sizes=\"auto, (max-width: 960px) 100vw, 960px\" \/><\/figure>\n\n\n\n<figure class=\"wp-block-image size-large\"><img loading=\"lazy\" decoding=\"async\" width=\"960\" height=\"960\" data-id=\"161\" src=\"https:\/\/eleicoespsicologia.org.br\/crp01\/wp-content\/uploads\/sites\/5\/2022\/07\/8.jpg\" alt=\"\" class=\"wp-image-161\" srcset=\"https:\/\/eleicoespsicologia.org.br\/crp01\/wp-content\/uploads\/sites\/5\/2022\/07\/8.jpg 960w, https:\/\/eleicoespsicologia.org.br\/crp01\/wp-content\/uploads\/sites\/5\/2022\/07\/8-300x300.jpg 300w, https:\/\/eleicoespsicologia.org.br\/crp01\/wp-content\/uploads\/sites\/5\/2022\/07\/8-150x150.jpg 150w, https:\/\/eleicoespsicologia.org.br\/crp01\/wp-content\/uploads\/sites\/5\/2022\/07\/8-768x768.jpg 768w\" sizes=\"auto, (max-width: 960px) 100vw, 960px\" \/><\/figure>\n\n\n\n<figure class=\"wp-block-image size-large\"><img loading=\"lazy\" decoding=\"async\" width=\"960\" height=\"960\" data-id=\"157\" src=\"https:\/\/eleicoespsicologia.org.br\/crp01\/wp-content\/uploads\/sites\/5\/2022\/07\/9.jpg\" alt=\"\" class=\"wp-image-157\" srcset=\"https:\/\/eleicoespsicologia.org.br\/crp01\/wp-content\/uploads\/sites\/5\/2022\/07\/9.jpg 960w, https:\/\/eleicoespsicologia.org.br\/crp01\/wp-content\/uploads\/sites\/5\/2022\/07\/9-300x300.jpg 300w, https:\/\/eleicoespsicologia.org.br\/crp01\/wp-content\/uploads\/sites\/5\/2022\/07\/9-150x150.jpg 150w, https:\/\/eleicoespsicologia.org.br\/crp01\/wp-content\/uploads\/sites\/5\/2022\/07\/9-768x768.jpg 768w\" sizes=\"auto, (max-width: 960px) 100vw, 960px\" \/><\/figure>\n\n\n\n<figure class=\"wp-block-image size-large\"><img loading=\"lazy\" decoding=\"async\" width=\"960\" height=\"960\" data-id=\"163\" src=\"https:\/\/eleicoespsicologia.org.br\/crp01\/wp-content\/uploads\/sites\/5\/2022\/07\/10.jpg\" alt=\"\" class=\"wp-image-163\" srcset=\"https:\/\/eleicoespsicologia.org.br\/crp01\/wp-content\/uploads\/sites\/5\/2022\/07\/10.jpg 960w, https:\/\/eleicoespsicologia.org.br\/crp01\/wp-content\/uploads\/sites\/5\/2022\/07\/10-300x300.jpg 300w, https:\/\/eleicoespsicologia.org.br\/crp01\/wp-content\/uploads\/sites\/5\/2022\/07\/10-150x150.jpg 150w, https:\/\/eleicoespsicologia.org.br\/crp01\/wp-content\/uploads\/sites\/5\/2022\/07\/10-768x768.jpg 768w\" sizes=\"auto, (max-width: 960px) 100vw, 960px\" \/><\/figure>\n<\/figure>\n","protected":false},"excerpt":{"rendered":"<p>As elei\u00e7\u00f5es para o XVII Plen\u00e1rio (gest\u00e3o 2022\/2025) do Conselho Regional de Psicologia do Distrito Federal (CRP 01\/DF) ter\u00e3o uma chapa \u00fanica, de n\u00famero 11, que se apresenta como Cuidar das Psicologias: ampliando lutas e \u00e9 encabe\u00e7ada pela psic\u00f3loga Thessa La\u00eds Pires e Guimar\u00e3es. Continue acompanhando as atualiza\u00e7\u00f5es deste site e dos canais oficiais de&#8230; <a class=\"moretag\" href=\"https:\/\/eleicoespsicologia.org.br\/crp01\/chapas\/\">Continue lendo <span class=\"screen-reader-text\">&#8220;Chapas&#8221;<\/span><\/a><\/p>\n","protected":false},"author":2,"featured_media":0,"parent":0,"menu_order":0,"comment_status":"closed","ping_status":"closed","template":"","meta":{"_acf_changed":false,"footnotes":""},"class_list":["post-59","page","type-page","status-publish","hentry"],"acf":[],"_links":{"self":[{"href":"https:\/\/eleicoespsicologia.org.br\/crp01\/wp-json\/wp\/v2\/pages\/59","targetHints":{"allow":["GET"]}}],"collection":[{"href":"https:\/\/eleicoespsicologia.org.br\/crp01\/wp-json\/wp\/v2\/pages"}],"about":[{"href":"https:\/\/eleicoespsicologia.org.br\/crp01\/wp-json\/wp\/v2\/types\/page"}],"author":[{"embeddable":true,"href":"https:\/\/eleicoespsicologia.org.br\/crp01\/wp-json\/wp\/v2\/users\/2"}],"replies":[{"embeddable":true,"href":"https:\/\/eleicoespsicologia.org.br\/crp01\/wp-json\/wp\/v2\/comments?post=59"}],"version-history":[{"count":13,"href":"https:\/\/eleicoespsicologia.org.br\/crp01\/wp-json\/wp\/v2\/pages\/59\/revisions"}],"predecessor-version":[{"id":166,"href":"https:\/\/eleicoespsicologia.org.br\/crp01\/wp-json\/wp\/v2\/pages\/59\/revisions\/166"}],"wp:attachment":[{"href":"https:\/\/eleicoespsicologia.org.br\/crp01\/wp-json\/wp\/v2\/media?parent=59"}],"curies":[{"name":"wp","href":"https:\/\/api.w.org\/{rel}","templated":true}]}}