{"id":174,"date":"2025-02-25T13:02:52","date_gmt":"2025-02-25T16:02:52","guid":{"rendered":"https:\/\/eleicoespsicologia.org.br\/crp04\/?page_id=174"},"modified":"2025-02-25T15:39:07","modified_gmt":"2025-02-25T18:39:07","slug":"duvidas","status":"publish","type":"page","link":"https:\/\/eleicoespsicologia.org.br\/crp04\/duvidas\/","title":{"rendered":"D\u00favidas"},"content":{"rendered":"\n<p>Veja as formas de tirar suas d\u00favidas em rela\u00e7\u00e3o ao processo eleitoral:<\/p>\n\n\n\n<div class=\"wp-block-buttons is-layout-flex wp-block-buttons-is-layout-flex\">\n<div class=\"wp-block-button has-custom-width wp-block-button__width-100\"><a class=\"wp-block-button__link wp-element-button\" href=\"\/crp04\/perguntas-frequentes\/\">Perguntas frequentes<\/a><\/div>\n\n\n\n<div class=\"wp-block-button has-custom-width wp-block-button__width-100\"><a class=\"wp-block-button__link wp-element-button\" href=\"mailto:cre@crp04.org.br\">E-mail: cre@crp04.org.br<\/a><\/div>\n<\/div>\n\n\n\n<p><\/p>\n","protected":false},"excerpt":{"rendered":"<p>Veja as formas de tirar suas d\u00favidas em rela\u00e7\u00e3o ao processo eleitoral:<\/p>\n","protected":false},"author":2,"featured_media":0,"parent":0,"menu_order":0,"comment_status":"closed","ping_status":"closed","template":"","meta":{"_acf_changed":false,"footnotes":""},"class_list":["post-174","page","type-page","status-publish","hentry"],"acf":[],"_links":{"self":[{"href":"https:\/\/eleicoespsicologia.org.br\/crp04\/wp-json\/wp\/v2\/pages\/174","targetHints":{"allow":["GET"]}}],"collection":[{"href":"https:\/\/eleicoespsicologia.org.br\/crp04\/wp-json\/wp\/v2\/pages"}],"about":[{"href":"https:\/\/eleicoespsicologia.org.br\/crp04\/wp-json\/wp\/v2\/types\/page"}],"author":[{"embeddable":true,"href":"https:\/\/eleicoespsicologia.org.br\/crp04\/wp-json\/wp\/v2\/users\/2"}],"replies":[{"embeddable":true,"href":"https:\/\/eleicoespsicologia.org.br\/crp04\/wp-json\/wp\/v2\/comments?post=174"}],"version-history":[{"count":1,"href":"https:\/\/eleicoespsicologia.org.br\/crp04\/wp-json\/wp\/v2\/pages\/174\/revisions"}],"predecessor-version":[{"id":175,"href":"https:\/\/eleicoespsicologia.org.br\/crp04\/wp-json\/wp\/v2\/pages\/174\/revisions\/175"}],"wp:attachment":[{"href":"https:\/\/eleicoespsicologia.org.br\/crp04\/wp-json\/wp\/v2\/media?parent=174"}],"curies":[{"name":"wp","href":"https:\/\/api.w.org\/{rel}","templated":true}]}}