{"id":59,"date":"2022-03-18T11:47:38","date_gmt":"2022-03-18T14:47:38","guid":{"rendered":"https:\/\/eleicoes.local\/crp08\/?page_id=59"},"modified":"2025-06-18T12:38:26","modified_gmt":"2025-06-18T15:38:26","slug":"chapas","status":"publish","type":"page","link":"https:\/\/eleicoespsicologia.org.br\/crp04\/chapas\/","title":{"rendered":"Chapas"},"content":{"rendered":"\n<p>A Comiss\u00e3o Regional Eleitoral (CRE) homologou, no dia 3 de maio de 2022, a chapa inscrita no pleito eleitoral 2022 do CRP-MG. Ao todo, s\u00e3o 30 componentes: 15 efetivos e 15 suplentes. Apenas a chapa&nbsp;<strong>&#8220;Frente Mineira da Psicologia pela Democracia&#8221;&nbsp;<\/strong>se inscreveu. Confira sua composi\u00e7\u00e3o:<br>\u200b<\/p>\n\n\n\n<p><\/p>\n\n\n\n<p><strong>Chapa Frente Mineira da Psicologia pela Democracia<\/strong><\/p>\n\n\n\n<p><strong>Efetivas(os):<\/strong><br><br>Suellen Ananda Fraga\u00a0(encabe\u00e7adora da chapa)<br>Anderson Nazareno Matos<br>Celso Francisco Tondin<br>Cl\u00e1udia Aline Carvalho Esposito<br>D\u00e9lcio Fernando Guimar\u00e3es Pereira<br>Elizabeth de Lacerda Barbosa<br>Elza Maria Gon\u00e7alves Lobosque<br>Jo\u00e3o Henrique Borges Bento<br>J\u00fania Maria Campos Lara<br>Liliane Cristina Martins<br>Lourdes Aparecida Machado<br>Lu\u00eds Henrique de Souza Cunha<br>Marleide Marques de Castro<br>Paula \u00c2ngela de Figueiredo Paula<br>Ted Nobre Evangelista<br>\u200b<br>\u00a0<\/p>\n\n\n\n<p><strong>Suplentes:<\/strong><br>&nbsp;<\/p>\n\n\n\n<p>Alessandra Kelly Belmonte<br>Ana Maria Prates da Silva e Silva<br>Caroline de Souza<br>Cristiane Santos de Souza Nogueira<br>Daniel Caldeira de Melo<br>Danty Dias Marchezane<br>Gab Almeida Moreira Lamounier<br>Gabrielly Dolores Rios da Cunha<br>Henrique Galhano Balieiro<br>Hudson Bruno Cares Caraj\u00e1<br>Isabella Cristina Barral Faria Lima<br>Lorena Rodrigues de Sousa<br>M\u00e1rcio Rocha Damasceno<br>Renata Ferreira Jardim de Miranda<br>Wellington Eust\u00e1quio Ribeiro&nbsp;<\/p>\n","protected":false},"excerpt":{"rendered":"<p>A Comiss\u00e3o Regional Eleitoral (CRE) homologou, no dia 3 de maio de 2022, a chapa inscrita no pleito eleitoral 2022 do CRP-MG. Ao todo, s\u00e3o 30 componentes: 15 efetivos e 15 suplentes. Apenas a chapa&nbsp;&#8220;Frente Mineira da Psicologia pela Democracia&#8221;&nbsp;se inscreveu. Confira sua composi\u00e7\u00e3o:\u200b Chapa Frente Mineira da Psicologia pela Democracia Efetivas(os): Suellen Ananda Fraga\u00a0(encabe\u00e7adora&#8230; <a class=\"moretag\" href=\"https:\/\/eleicoespsicologia.org.br\/crp04\/chapas\/\">Continue lendo <span class=\"screen-reader-text\">&#8220;Chapas&#8221;<\/span><\/a><\/p>\n","protected":false},"author":2,"featured_media":0,"parent":0,"menu_order":0,"comment_status":"closed","ping_status":"closed","template":"","meta":{"_acf_changed":false,"footnotes":""},"class_list":["post-59","page","type-page","status-publish","hentry"],"acf":[],"_links":{"self":[{"href":"https:\/\/eleicoespsicologia.org.br\/crp04\/wp-json\/wp\/v2\/pages\/59","targetHints":{"allow":["GET"]}}],"collection":[{"href":"https:\/\/eleicoespsicologia.org.br\/crp04\/wp-json\/wp\/v2\/pages"}],"about":[{"href":"https:\/\/eleicoespsicologia.org.br\/crp04\/wp-json\/wp\/v2\/types\/page"}],"author":[{"embeddable":true,"href":"https:\/\/eleicoespsicologia.org.br\/crp04\/wp-json\/wp\/v2\/users\/2"}],"replies":[{"embeddable":true,"href":"https:\/\/eleicoespsicologia.org.br\/crp04\/wp-json\/wp\/v2\/comments?post=59"}],"version-history":[{"count":1,"href":"https:\/\/eleicoespsicologia.org.br\/crp04\/wp-json\/wp\/v2\/pages\/59\/revisions"}],"predecessor-version":[{"id":117,"href":"https:\/\/eleicoespsicologia.org.br\/crp04\/wp-json\/wp\/v2\/pages\/59\/revisions\/117"}],"wp:attachment":[{"href":"https:\/\/eleicoespsicologia.org.br\/crp04\/wp-json\/wp\/v2\/media?parent=59"}],"curies":[{"name":"wp","href":"https:\/\/api.w.org\/{rel}","templated":true}]}}