{"id":204,"date":"2022-08-03T15:56:49","date_gmt":"2022-08-03T18:56:49","guid":{"rendered":"http:\/\/eleicoespsicologia.org.br\/crp05\/ponto-de-apoio-a-votacao\/"},"modified":"2025-08-13T10:24:24","modified_gmt":"2025-08-13T13:24:24","slug":"ponto-de-apoio-a-votacao","status":"publish","type":"page","link":"https:\/\/eleicoespsicologia.org.br\/crp05\/ponto-de-apoio-a-votacao\/","title":{"rendered":"Ponto de apoio a vota\u00e7\u00e3o"},"content":{"rendered":"<p>As psic\u00f3logas com pend\u00eancias financeiras ou cadastrais dever\u00e3o comparecer aos Pontos de Apoio \u00e0 Vota\u00e7\u00e3o para<br \/>\n\tregularizar a situa\u00e7\u00e3o. Ao se tornar apta, a psic\u00f3loga deve acessar o site das elei\u00e7\u00f5es,<br \/>\n\twww.eleicoespsicologia.org.br, clicar na op\u00e7\u00e3o votar e em seguida no bot\u00e3o \u201cN\u00e3o tenho minha senha de vota\u00e7\u00e3o\u201d. De<br \/>\n\tposse da senha poder\u00e1 votar em dispositivo pr\u00f3prio ou nos computadores dispon\u00edveis nos Pontos de Apoio \u00e0 Vota\u00e7\u00e3o. \u00c9<br \/>\n\timportante ressaltar que as profissionais n\u00e3o s\u00e3o obrigadas a votar nos pontos disponibilizados pelos Conselhos<br \/>\n\tRegionais.\n<\/p>\n<figure class=\"wp-block-table is-style-stripes\">\n<table>\n<thead>\n<tr>\n<th>Ponto de apoio<\/th>\n<th>Endere\u00e7o<\/th>\n<th>Bairro<\/th>\n<th>Cidade<\/th>\n<th>CEP<\/th>\n<th>Telefone<\/th>\n<\/tr>\n<\/thead>\n<tbody>\n<tr>\n<td>\n\t\t\t\t\tSede\t\t\t\t<\/td>\n<td>\n\t\t\t\t\tRua Te\u00f3filo Otoni, 93\t\t\t\t<\/td>\n<td>\n\t\t\t\t\tCentro\t\t\t\t<\/td>\n<td>\n\t\t\t\t\tRio de Janeiro\/RJ\t\t\t\t<\/td>\n<td>\n\t\t\t\t\t20.090-070\t\t\t\t<\/td>\n<td>\n\t\t\t\t\t\t(21) 3613-8771\t\t\t\t\t<\/td>\n<\/tr>\n<tr>\n<td>\n\t\t\t\t\tLeste Fluminense\t\t\t\t<\/td>\n<td>\n\t\t\t\t\tAvenida Ernani do Amaral Peixoto, 467 \/ Sala 509 &#8211; Edif\u00edcio F\u00f3rum\t\t\t\t<\/td>\n<td>\n\t\t\t\t\tCentro\t\t\t\t<\/td>\n<td>\n\t\t\t\t\tNiter\u00f3i\/RJ\t\t\t\t<\/td>\n<td>\n\t\t\t\t\t24.020-075\t\t\t\t<\/td>\n<td>\n\t\t\t\t\t\t(21) 2717-3211\t\t\t\t\t<\/td>\n<\/tr>\n<tr>\n<td>\n\t\t\t\t\tRegi\u00e3o Serrana\t\t\t\t<\/td>\n<td>\n\t\t\t\t\tRua Paulo Barbosa, 174 \/ Sala 15\t\t\t\t<\/td>\n<td>\n\t\t\t\t\tCentro\t\t\t\t<\/td>\n<td>\n\t\t\t\t\tPetr\u00f3polis\/RJ\t\t\t\t<\/td>\n<td>\n\t\t\t\t\t25.626-900\t\t\t\t<\/td>\n<td>\n\t\t\t\t\t\t(24) 2243-0834\t\t\t\t\t<\/td>\n<\/tr>\n<tr>\n<td>\n\t\t\t\t\tBaixada Fluminense\t\t\t\t<\/td>\n<td>\n\t\t\t\t\tRua Sebastiao Herculano de Mattos, 41\t\t\t\t<\/td>\n<td>\n\t\t\t\t\tCentro\t\t\t\t<\/td>\n<td>\n\t\t\t\t\tNova Igua\u00e7u\/RJ\t\t\t\t<\/td>\n<td>\n\t\t\t\t\t26.255-220\t\t\t\t<\/td>\n<td>\n\t\t\t\t\t\t(21) 2768-0007\t\t\t\t\t<\/td>\n<\/tr>\n<tr>\n<td>\n\t\t\t\t\tNorte e Noroeste Fluminense\t\t\t\t<\/td>\n<td>\n\t\t\t\t\tRua Treze de Maio, 286 \/ Sala 310 &#8211; Edif\u00edcio Medical Center\t\t\t\t<\/td>\n<td>\n\t\t\t\t\tCentro\t\t\t\t<\/td>\n<td>\n\t\t\t\t\tCampos dos Goytacazes\/RJ\t\t\t\t<\/td>\n<td>\n\t\t\t\t\t28.010-260\t\t\t\t<\/td>\n<td>\n\t\t\t\t\t\t(22) 2728-2057\t\t\t\t\t<\/td>\n<\/tr>\n<tr>\n<td>\n\t\t\t\t\tRegi\u00e3o dos Lagos\t\t\t\t<\/td>\n<td>\n\t\t\t\t\tUVA &#8211; Universidade Veiga de Almeida &#8211; Estrada de Perynas, S\/N\t\t\t\t<\/td>\n<td>\n\t\t\t\t\tPerynas\t\t\t\t<\/td>\n<td>\n\t\t\t\t\tCabo Frio\/RJ\t\t\t\t<\/td>\n<td>\n\t\t\t\t\t28.909-000\t\t\t\t<\/td>\n<td>\n\t\t\t\t\t\t(22) 2647-3131\t\t\t\t\t<\/td>\n<\/tr>\n<tr>\n<td>\n\t\t\t\t\tSul Fluminense &#8211; UFF\t\t\t\t<\/td>\n<td>\n\t\t\t\t\tUniversidade Federal Fluminense: Rua Desembargador Ellis Hermydio Figueira, 783 \/ Bloco A \/ sala 311\t\t\t\t<\/td>\n<td>\n\t\t\t\t\tAterrado\t\t\t\t<\/td>\n<td>\n\t\t\t\t\tVolta Redonda\/RJ\t\t\t\t<\/td>\n<td>\n\t\t\t\t\t27.213-145\t\t\t\t<\/td>\n<td>\n\t\t\t\t\t\t(24) 3076-8751\t\t\t\t\t<\/td>\n<\/tr>\n<\/tbody>\n<\/table>\n<\/figure>\n<p>\n\tO atendimento no Ponto de apoio a vota\u00e7\u00e3o ser\u00e1 realizado das 8 horas \u00e0s 17 horas entre os dias 23 e 27 de agosto de\t2022, respeitando o hor\u00e1rio local.<\/p>\n","protected":false},"excerpt":{"rendered":"<p>As psic\u00f3logas com pend\u00eancias financeiras ou cadastrais dever\u00e3o comparecer aos Pontos de Apoio \u00e0 Vota\u00e7\u00e3o para regularizar a situa\u00e7\u00e3o. Ao se tornar apta, a psic\u00f3loga deve acessar o site das elei\u00e7\u00f5es, www.eleicoespsicologia.org.br, clicar na op\u00e7\u00e3o votar e em seguida no bot\u00e3o \u201cN\u00e3o tenho minha senha de vota\u00e7\u00e3o\u201d. De posse da senha poder\u00e1 votar em dispositivo&#8230; <a class=\"moretag\" href=\"https:\/\/eleicoespsicologia.org.br\/crp05\/ponto-de-apoio-a-votacao\/\">Continue lendo <span class=\"screen-reader-text\">&#8220;Ponto de apoio a vota\u00e7\u00e3o&#8221;<\/span><\/a><\/p>\n","protected":false},"author":2,"featured_media":0,"parent":0,"menu_order":0,"comment_status":"closed","ping_status":"closed","template":"","meta":{"_acf_changed":false,"footnotes":""},"class_list":["post-204","page","type-page","status-publish","hentry"],"acf":[],"_links":{"self":[{"href":"https:\/\/eleicoespsicologia.org.br\/crp05\/wp-json\/wp\/v2\/pages\/204","targetHints":{"allow":["GET"]}}],"collection":[{"href":"https:\/\/eleicoespsicologia.org.br\/crp05\/wp-json\/wp\/v2\/pages"}],"about":[{"href":"https:\/\/eleicoespsicologia.org.br\/crp05\/wp-json\/wp\/v2\/types\/page"}],"author":[{"embeddable":true,"href":"https:\/\/eleicoespsicologia.org.br\/crp05\/wp-json\/wp\/v2\/users\/2"}],"replies":[{"embeddable":true,"href":"https:\/\/eleicoespsicologia.org.br\/crp05\/wp-json\/wp\/v2\/comments?post=204"}],"version-history":[{"count":1,"href":"https:\/\/eleicoespsicologia.org.br\/crp05\/wp-json\/wp\/v2\/pages\/204\/revisions"}],"predecessor-version":[{"id":207,"href":"https:\/\/eleicoespsicologia.org.br\/crp05\/wp-json\/wp\/v2\/pages\/204\/revisions\/207"}],"wp:attachment":[{"href":"https:\/\/eleicoespsicologia.org.br\/crp05\/wp-json\/wp\/v2\/media?parent=204"}],"curies":[{"name":"wp","href":"https:\/\/api.w.org\/{rel}","templated":true}]}}