{"id":59,"date":"2022-03-18T11:47:38","date_gmt":"2022-03-18T14:47:38","guid":{"rendered":"https:\/\/eleicoes.local\/crp08\/?page_id=59"},"modified":"2025-06-18T12:38:27","modified_gmt":"2025-06-18T15:38:27","slug":"chapas","status":"publish","type":"page","link":"https:\/\/eleicoespsicologia.org.br\/crp10\/chapas\/","title":{"rendered":"Chapas"},"content":{"rendered":"\n<p>O CRP 10 recebeu e homologou chapa \u00fanica para as elei\u00e7\u00f5es de 2022. <\/p>\n\n\n\n<p>Chapa:<\/p>\n\n\n\n<p>CHAPA 11 &#8211; <strong>FRENTE PAR\u00c1 E AMAP\u00c1 NA DEFESA DA PSICOLOGIA&nbsp;<\/strong><\/p>\n\n\n\n<p>Encabe\u00e7adora<\/p>\n\n\n\n<p>Jureuda Duarte Guerra<\/p>\n\n\n\n<p>                                                                                   EFETIVAS (OS)<\/p>\n\n\n\n<p>JOAO VICTOR CORDEIRO DA ROCHA                                              <\/p>\n\n\n\n<p>NAZIR RACHID FILHO<\/p>\n\n\n\n<p>DAIANE GASPARETTO DA SILVA       <\/p>\n\n\n\n<p>GIANE SILVA SANTOS SOUZA                                               <\/p>\n\n\n\n<p>SAMILLY VALADARES SOARES    <\/p>\n\n\n\n<p>MAX DA COSTA ALVES                                                      <\/p>\n\n\n\n<p>FERNANDA TEIXEIRA DE BARROS NETA            <\/p>\n\n\n\n<p>ELOISA AMORIM DE BARROS                               <\/p>\n\n\n\n<p>                                                                                 SUPLENTES <\/p>\n\n\n\n<p>ANDRE ROMERO DO ROSARIO SILVA          <\/p>\n\n\n\n<p>LEONE AZEVEDO GAMA DA ROCHA                                   <\/p>\n\n\n\n<p>MARILDA NAZARE NASCIMENTO BARBEDO COUTO      <\/p>\n\n\n\n<p>RUBILENE PINHEIRO BORGES               <\/p>\n\n\n\n<p>LARISSA AZEVEDO MENDES     <\/p>\n\n\n\n<p>THAMIRIS DIAS ARRAES                                                      <\/p>\n\n\n\n<p>ANA TEREZA FRADE DE ARAUJO      <\/p>\n\n\n\n<p>INGRID SABRINA BATISTA COSTA                                        <\/p>\n\n\n\n<p>\u00cdGOR DO CARMO SANTOS<\/p>\n","protected":false},"excerpt":{"rendered":"<p>O CRP 10 recebeu e homologou chapa \u00fanica para as elei\u00e7\u00f5es de 2022. Chapa: CHAPA 11 &#8211; FRENTE PAR\u00c1 E AMAP\u00c1 NA DEFESA DA PSICOLOGIA&nbsp; Encabe\u00e7adora Jureuda Duarte Guerra EFETIVAS (OS) JOAO VICTOR CORDEIRO DA ROCHA NAZIR RACHID FILHO DAIANE GASPARETTO DA SILVA GIANE SILVA SANTOS SOUZA SAMILLY VALADARES SOARES MAX DA COSTA ALVES FERNANDA&#8230; <a class=\"moretag\" href=\"https:\/\/eleicoespsicologia.org.br\/crp10\/chapas\/\">Continue lendo <span class=\"screen-reader-text\">&#8220;Chapas&#8221;<\/span><\/a><\/p>\n","protected":false},"author":2,"featured_media":0,"parent":0,"menu_order":0,"comment_status":"open","ping_status":"closed","template":"","meta":{"_acf_changed":false,"footnotes":""},"class_list":["post-59","page","type-page","status-publish","hentry"],"acf":[],"_links":{"self":[{"href":"https:\/\/eleicoespsicologia.org.br\/crp10\/wp-json\/wp\/v2\/pages\/59","targetHints":{"allow":["GET"]}}],"collection":[{"href":"https:\/\/eleicoespsicologia.org.br\/crp10\/wp-json\/wp\/v2\/pages"}],"about":[{"href":"https:\/\/eleicoespsicologia.org.br\/crp10\/wp-json\/wp\/v2\/types\/page"}],"author":[{"embeddable":true,"href":"https:\/\/eleicoespsicologia.org.br\/crp10\/wp-json\/wp\/v2\/users\/2"}],"replies":[{"embeddable":true,"href":"https:\/\/eleicoespsicologia.org.br\/crp10\/wp-json\/wp\/v2\/comments?post=59"}],"version-history":[{"count":3,"href":"https:\/\/eleicoespsicologia.org.br\/crp10\/wp-json\/wp\/v2\/pages\/59\/revisions"}],"predecessor-version":[{"id":145,"href":"https:\/\/eleicoespsicologia.org.br\/crp10\/wp-json\/wp\/v2\/pages\/59\/revisions\/145"}],"wp:attachment":[{"href":"https:\/\/eleicoespsicologia.org.br\/crp10\/wp-json\/wp\/v2\/media?parent=59"}],"curies":[{"name":"wp","href":"https:\/\/api.w.org\/{rel}","templated":true}]}}