{"id":59,"date":"2022-03-18T11:47:38","date_gmt":"2022-03-18T14:47:38","guid":{"rendered":"https:\/\/eleicoes.local\/crp08\/?page_id=59"},"modified":"2025-06-18T12:38:27","modified_gmt":"2025-06-18T15:38:27","slug":"chapas","status":"publish","type":"page","link":"https:\/\/eleicoespsicologia.org.br\/crp11\/chapas\/","title":{"rendered":"Chapas"},"content":{"rendered":"\n<figure class=\"wp-block-image size-large is-resized\"><img loading=\"lazy\" decoding=\"async\" src=\"https:\/\/eleicoespsicologia.org.br\/crp11\/wp-content\/uploads\/sites\/13\/2022\/07\/Chapa-11-Logo-1011x1024.jpg\" alt=\"\" class=\"wp-image-152\" width=\"577\" height=\"583\" srcset=\"https:\/\/eleicoespsicologia.org.br\/crp11\/wp-content\/uploads\/sites\/13\/2022\/07\/Chapa-11-Logo-1011x1024.jpg 1011w, https:\/\/eleicoespsicologia.org.br\/crp11\/wp-content\/uploads\/sites\/13\/2022\/07\/Chapa-11-Logo-296x300.jpg 296w, https:\/\/eleicoespsicologia.org.br\/crp11\/wp-content\/uploads\/sites\/13\/2022\/07\/Chapa-11-Logo.jpg 1080w\" sizes=\"auto, (max-width: 577px) 100vw, 577px\" \/><figcaption><strong><mark class=\"has-inline-color has-black-color\">Quem somos<br>&nbsp;<br>Somos a chapa \u201cFrente Cearense PSIS pela Democracia\u201d que diante da atual conjuntura pol\u00edtica e social da na\u00e7\u00e3o, vem manifestar-se em defesa do Estado Democr\u00e1tico de Direito conquistado a duras lutas por cidad\u00e3os e cidad\u00e3s brasileiras.<br>\u00c9 fundamental defendermos a Psicologia em sua imprescind\u00edvel participa\u00e7\u00e3o para o fomento e concretiza\u00e7\u00e3o de pol\u00edticas p\u00fablicas capazes de dirimir as desigualdades que afligem a popula\u00e7\u00e3o, no \u00e2mbito da Educa\u00e7\u00e3o, Sa\u00fade, Justi\u00e7a, Desenvolvimento Social e demais \u00e1reas.<br>&nbsp;<br>\u00c9 importante tirar do papel o compromisso j\u00e1 preconizado pelas psic\u00f3logas durante o 11\u00ba Congresso Nacional da Psicologia, realizado de 2 a 5 de junho de 2022, de promover a organiza\u00e7\u00e3o e a mobiliza\u00e7\u00e3o das psic\u00f3logas do pa\u00eds, possibilitando a defini\u00e7\u00e3o da contribui\u00e7\u00e3o do Sistema Conselhos para o desenvolvimento da Psicologia como ci\u00eancia e profiss\u00e3o.<br>&nbsp;<br>Psic\u00f3logas de todo o Brasil debateram sobre \u201cO Impacto Psicossocial da Pandemia: Desafios e Compromissos para a Psicologia Brasileira Frente \u00e0s Desigualdades Sociais\u201d, demonstrando o quanto o fazer cient\u00edfico e profissional da Psicologia \u00e9 importante para impactar positivamente no cen\u00e1rio brasileiro.<br>&nbsp;<br>Por entendermos que para alcan\u00e7ar estes resultados, \u00e9 urgente organizar e unir a categoria, por meio de uma gest\u00e3o participativa e democr\u00e1tica. Por isso, iremos defender os tr\u00eas eixos definidos durante o 11\u00ba CNP: 1) Organiza\u00e7\u00e3o Democr\u00e1tica e Participativa do Sistema Conselhos no Enfrentamento da Pandemia; 2) Defesa do Estado Democr\u00e1tico e dos Direitos Humanos via Pol\u00edticas P\u00fablicas; e 3) O fazer \u00e9tico e cient\u00edfico da Psicologia no trabalho em sa\u00fade mental.<br>&nbsp;<br>Para isso, somente um sistema democr\u00e1tico forte \u00e9 capaz de garantir a participa\u00e7\u00e3o de todas, todos e todes na constru\u00e7\u00e3o de um pa\u00eds mais justo e digno para todos. A chapa \u201cFrente Cearense PSIS pela Democracia\u201d defende, veementemente, uma sociedade fundada em valores \u00e9ticos e que preserve a justi\u00e7a, a democracia e os direitos essenciais de uma vida digna para todas as pessoas.<br>&nbsp;<br>Assim, todas, todos e todes que comp\u00f5em a chapa \u201cFrente Cearense PSIS pela Democracia\u201d conclamam as psic\u00f3logas a uma participa\u00e7\u00e3o efetiva e ativa, em defesa da democracia, em defesa do Estado Democr\u00e1tico de Direito, em defesa dos Direitos Humanos.<br>&nbsp;<br>Por um conselho de portas abertas para voc\u00ea!<\/mark><\/strong><\/figcaption><\/figure>\n\n\n\n<p><\/p>\n\n\n\n<figure class=\"wp-block-table\"><table><tbody><tr><td>&nbsp;<strong>MEMBROS<\/strong><\/td><td><strong>N\u00ba CRP-11<\/strong><\/td><td><strong>CARGO<\/strong><\/td><\/tr><tr><td>NIVEAMARA SIDRAC LIMA BARROSO<\/td><td>01112<\/td><td>Efetivo(a)<\/td><\/tr><tr><td>ANDREA ESMERALDO C\u00c2MARA<\/td><td>01617<\/td><td>Efetivo(a)<\/td><\/tr><tr><td>FRANCISCO THEOFILO OLIVEIRA GRAVINIS<\/td><td>02127<\/td><td>Efetivo(a)<\/td><\/tr><tr><td>ANA KRISTIA DA SILVA MARTINS<\/td><td>06305<\/td><td>Efetivo(a)<\/td><\/tr><tr><td>JORGE LUIS PEREIRA E SILVA<\/td><td>08046<\/td><td>Efetivo(a)<\/td><\/tr><tr><td>GEORGIANA DE ALENCAR PORTELA<\/td><td>01265<\/td><td>Efetivo(a)<\/td><\/tr><tr><td>JULIANA MARIA VIEIRA DE HOLANDA MAGALH\u00c3ES<\/td><td>08192<\/td><td>Efetivo(a)<\/td><\/tr><tr><td>DRIELE VENANCIO DA SILVA SOUSA<\/td><td>11444<\/td><td>Efetivo(a)<\/td><\/tr><tr><td>KATIANA FARIA BATISTA DE MOURA<\/td><td>01360<\/td><td>Efetivo(a)<\/td><\/tr><tr><td>IDALICIA ARAUJO ESTRELA RODRIGUES<\/td><td>11841<\/td><td>Efetivo(a)<\/td><\/tr><tr><td>SIMONE MARIA SANTOS LIMA<\/td><td>03626<\/td><td>Efetivo(a)<\/td><\/tr><tr><td>MADELINE ABREU MONTEIRO<\/td><td>01115<\/td><td>Efetivo(a)<\/td><\/tr><tr><td>FELIPE COURA ROCHA<\/td><td>11865<\/td><td>Efetivo(a)<\/td><\/tr><tr><td>ROBERTA ARAUJO DA SILVA<\/td><td>10837<\/td><td>Suplente 1<\/td><\/tr><tr><td>NAT\u00c1LIA DE SOUSA MARTINS<\/td><td>10112<\/td><td>Suplente 2<\/td><\/tr><tr><td>IVAN NOGUEIRA DOS SANTOS JUNIOR<\/td><td>15086<\/td><td>Suplente 3<\/td><\/tr><tr><td>RAIMUNDA MARIA DE ANDRADE<\/td><td>05867<\/td><td>Suplente 4<\/td><\/tr><tr><td>ADJANILSON MOREIRA DOS SANTOS<\/td><td>07092<\/td><td>Suplente 5<\/td><\/tr><tr><td>NATASHA FARIAS XAVIER<\/td><td>00644<\/td><td>Suplente 6<\/td><\/tr><tr><td>JULIANA LINHARES CAVALCANTI DE ALENCAR<\/td><td>03058<\/td><td>Suplente 7<\/td><\/tr><tr><td>ELAINE MARIA BARBOSA CARDOSO<\/td><td>06232<\/td><td>Suplente 8<\/td><\/tr><tr><td>BRUNA FABR\u00cdCIA BARBOZA LEIT\u00c3O<\/td><td>05882<\/td><td>Suplente 9<\/td><\/tr><tr><td>FERNANDA CANDIDO SANTOS<\/td><td>03764<\/td><td>Suplente 10<\/td><\/tr><tr><td>DANIEL RIBEIRO SALES (Nome Social: Daniela Sofia Ribeiro Sales)<\/td><td>11531<\/td><td>Suplente 11<\/td><\/tr><tr><td>FRANCISCA APARECIDA PEREIRA BRITO<\/td><td>14080<\/td><td>Suplente 12<\/td><\/tr><tr><td>THYAGO CASTRO BEZERRA LUNA<\/td><td>08153<\/td><td>Suplente 13<\/td><\/tr><\/tbody><\/table><\/figure>\n\n\n\n<div class=\"wp-block-buttons is-layout-flex wp-block-buttons-is-layout-flex\">\n<div class=\"wp-block-button\"><a class=\"wp-block-button__link\" href=\"https:\/\/crp11.org.br\/index.php\/2022\/07\/19\/conheca-a-chapa-11-e-12\/\" target=\"_blank\" rel=\"noreferrer noopener\">Propostas da Chapa 11<\/a><\/div>\n\n\n\n<div class=\"wp-block-button\"><a class=\"wp-block-button__link\" href=\"https:\/\/crp11.org.br\/index.php\/2022\/07\/19\/conheca-a-chapa-11-e-12\/\">Membros da Chapa 11<\/a><\/div>\n<\/div>\n\n\n\n<figure class=\"wp-block-image size-large is-resized\"><img loading=\"lazy\" decoding=\"async\" src=\"https:\/\/eleicoespsicologia.org.br\/crp11\/wp-content\/uploads\/sites\/13\/2022\/07\/Chapa-12-Logo-1-1011x1024.jpg\" alt=\"\" class=\"wp-image-174\" width=\"548\" height=\"554\" srcset=\"https:\/\/eleicoespsicologia.org.br\/crp11\/wp-content\/uploads\/sites\/13\/2022\/07\/Chapa-12-Logo-1-1011x1024.jpg 1011w, https:\/\/eleicoespsicologia.org.br\/crp11\/wp-content\/uploads\/sites\/13\/2022\/07\/Chapa-12-Logo-1-296x300.jpg 296w, https:\/\/eleicoespsicologia.org.br\/crp11\/wp-content\/uploads\/sites\/13\/2022\/07\/Chapa-12-Logo-1-768x778.jpg 768w, https:\/\/eleicoespsicologia.org.br\/crp11\/wp-content\/uploads\/sites\/13\/2022\/07\/Chapa-12-Logo-1.jpg 1080w\" sizes=\"auto, (max-width: 548px) 100vw, 548px\" \/><figcaption><mark style=\"background-color:rgba(0, 0, 0, 0)\" class=\"has-inline-color has-black-color\"><strong>Quem somos<br>\u00a0<br>A chapa 12 surge atrav\u00e9s do desejo de um grupo de Psic\u00f3logas (os) comprometidos com a democracia, de diferentes \u00e9pocas e momentos, dispostos a representar todas (os) as (os) Psic\u00f3logas(os). Um encontro de gera\u00e7\u00f5es em defesa do Estado Democr\u00e1tico de Direito, que reivindicam um Sistema Conselhos que esteja mais pr\u00f3ximo, atuante e dial\u00f3gico, contribuindo para uma nova hist\u00f3ria unindo experi\u00eancia e renova\u00e7\u00e3o.<br>\u00a0<br>\u201cDial\u00f3gico\u201d, porque queremos um CRP que possa atender aos anseios profissionais, regionalizado, presente e pr\u00f3ximo, de forma a conversar com a categoria no sert\u00e3o e no litoral, na serra e capital. Nossa chapa tem representantes de todas as regi\u00f5es do nosso Cear\u00e1, demonstrando o compromisso com o di\u00e1logo e fortalecendo a categoria.<br>\u00a0<br>Somos todas (os) \u201cplurais\u201d, m\u00faltiplas (os), diversificadas (os), representamos as(os) Psic\u00f3logas(os) negras(os), ind\u00edgenas, surdas(os), deficientes, LGBTQIAPN+ e todas(os) que anseiam por uma gest\u00e3o democr\u00e1tica e participativa. Defendemos\u00a0 os direitos humanos e as mais diversas formas de pensar.<br>\u00a0<br>Democracia, respeito, di\u00e1logo e pluralidade s\u00e3o palavras chaves e compromissos do grupo CHAPA 12.<br>\u00a0<br>Queremos contar com voc\u00ea nessa caminhada!<br>\u00a0<br>Nas elei\u00e7\u00f5es do CRP-CE, Vote Chapa 12!<\/strong><\/mark><\/figcaption><\/figure>\n\n\n\n<p><\/p>\n\n\n\n<figure class=\"wp-block-table\"><table><tbody><tr><td>&nbsp;<strong>MEMBROS<\/strong><\/td><td><strong>N\u00ba CRP-11<\/strong><\/td><td><strong>CARGO<\/strong><\/td><\/tr><tr><td>ANA CLAUDIA REIS SALES<\/td><td>01487<\/td><td>Efetivo(a)<\/td><\/tr><tr><td>ANNA KARINNE MELO BARRETO<\/td><td>09511<\/td><td>Efetivo(a)<\/td><\/tr><tr><td>EVIL\u00c2NDIO NUNES DE OLIVEIRA<\/td><td>07933<\/td><td>Efetivo(a)<\/td><\/tr><tr><td>FRANCISCA JULIANA CAVALCANTE DOS SANTOS<\/td><td>10502<\/td><td>Efetivo(a)<\/td><\/tr><tr><td>FULVIO ROBERT FREITAS DA SILVA<\/td><td>03494<\/td><td>Efetivo(a)<\/td><\/tr><tr><td>J\u00c2NDER CARLOS SOARES SILVA<\/td><td>11664<\/td><td>Efetivo(a)<\/td><\/tr><tr><td>JULIEMARY PEIXOTO BRAND\u00c3O<\/td><td>03624<\/td><td>Efetivo(a)<\/td><\/tr><tr><td>KATISSA GALGANIA FEITOSA RODRIGUES<\/td><td>11056<\/td><td>Efetivo(a)<\/td><\/tr><tr><td>LARISSE DE SOUSA SILVA<\/td><td>10400<\/td><td>Efetivo(a)<\/td><\/tr><tr><td>LUAN LAYZON SOUZA SILVA<\/td><td>10527<\/td><td>Efetivo(a)<\/td><\/tr><tr><td>MARIA DA CONCEI\u00c7\u00c3O MOREIRA AZEVEDO<\/td><td>00232<\/td><td>Efetivo(a)<\/td><\/tr><tr><td>MEIRE NUNES VIANA<\/td><td>00919<\/td><td>Efetivo(a)<\/td><\/tr><tr><td>PEDRO HENRIQUE LIMA XIMENES<\/td><td>14980<\/td><td>Efetivo(a)<\/td><\/tr><tr><td>CARLOS IRINEU GRANJA COSTA<\/td><td>04334<\/td><td>Suplente 1<\/td><\/tr><tr><td>ELIELDA DA COSTA BARBOSA DE SOUZA<\/td><td>12503<\/td><td>Suplente 2<\/td><\/tr><tr><td>RAIMUNDA F\u00c9LIX DE OLIVEIRA<\/td><td>00694<\/td><td>Suplente 3<\/td><\/tr><tr><td>MARIA DE F\u00c1TIMA VIDAL DA SILVA<\/td><td>01198<\/td><td>Suplente 4<\/td><\/tr><tr><td>NARA ALCIANE DE SOUZA OLIVEIRA<\/td><td>05895<\/td><td>Suplente 5<\/td><\/tr><tr><td>LUIS CLAUDIO NOGUEIRA MADEIRA<\/td><td>03256<\/td><td>Suplente 6<\/td><\/tr><tr><td>RODRIGO FERNANDES MEIRELES<\/td><td>04750<\/td><td>Suplente 7<\/td><\/tr><tr><td>DANIELLE ONOFRE BEZERRA MAIA COSTA<\/td><td>01138<\/td><td>Suplente 8<\/td><\/tr><tr><td>ADRIANA VIVIAN SILVA MARTINS<\/td><td>06674<\/td><td>Suplente 9<\/td><\/tr><tr><td>FERNANDO DE OLIVEIRA PINTO<\/td><td>11607<\/td><td>Suplente 10<\/td><\/tr><tr><td>MAR\u00c7AL ARA\u00daJO GOMES<\/td><td>09495<\/td><td>Suplente 11<\/td><\/tr><tr><td>DENI ELLIOT NORONHA LOPES<\/td><td>13491<\/td><td>Suplente 12<\/td><\/tr><tr><td>DEYSILANE DOS SANTOS GON\u00c7ALVES<\/td><td>15390<\/td><td>Suplente 13<\/td><\/tr><\/tbody><\/table><\/figure>\n\n\n\n<div class=\"wp-block-buttons is-layout-flex wp-block-buttons-is-layout-flex\">\n<div class=\"wp-block-button\"><a class=\"wp-block-button__link\" href=\"https:\/\/crp11.org.br\/index.php\/2022\/07\/19\/conheca-a-chapa-11-e-12\/\">Propostas da Chapa 12<\/a><\/div>\n\n\n\n<div class=\"wp-block-button\"><a class=\"wp-block-button__link\" href=\"https:\/\/crp11.org.br\/index.php\/2022\/07\/19\/conheca-a-chapa-11-e-12\/\">Membros da Chapa 12<\/a><\/div>\n<\/div>\n","protected":false},"excerpt":{"rendered":"<p>&nbsp;MEMBROS N\u00ba CRP-11 CARGO NIVEAMARA SIDRAC LIMA BARROSO 01112 Efetivo(a) ANDREA ESMERALDO C\u00c2MARA 01617 Efetivo(a) FRANCISCO THEOFILO OLIVEIRA GRAVINIS 02127 Efetivo(a) ANA KRISTIA DA SILVA MARTINS 06305 Efetivo(a) JORGE LUIS PEREIRA E SILVA 08046 Efetivo(a) GEORGIANA DE ALENCAR PORTELA 01265 Efetivo(a) JULIANA MARIA VIEIRA DE HOLANDA MAGALH\u00c3ES 08192 Efetivo(a) DRIELE VENANCIO DA SILVA SOUSA 11444&#8230; <a class=\"moretag\" href=\"https:\/\/eleicoespsicologia.org.br\/crp11\/chapas\/\">Continue lendo <span class=\"screen-reader-text\">&#8220;Chapas&#8221;<\/span><\/a><\/p>\n","protected":false},"author":70,"featured_media":0,"parent":0,"menu_order":0,"comment_status":"closed","ping_status":"closed","template":"","meta":{"_acf_changed":false,"footnotes":""},"class_list":["post-59","page","type-page","status-publish","hentry"],"acf":[],"_links":{"self":[{"href":"https:\/\/eleicoespsicologia.org.br\/crp11\/wp-json\/wp\/v2\/pages\/59","targetHints":{"allow":["GET"]}}],"collection":[{"href":"https:\/\/eleicoespsicologia.org.br\/crp11\/wp-json\/wp\/v2\/pages"}],"about":[{"href":"https:\/\/eleicoespsicologia.org.br\/crp11\/wp-json\/wp\/v2\/types\/page"}],"author":[{"embeddable":true,"href":"https:\/\/eleicoespsicologia.org.br\/crp11\/wp-json\/wp\/v2\/users\/70"}],"replies":[{"embeddable":true,"href":"https:\/\/eleicoespsicologia.org.br\/crp11\/wp-json\/wp\/v2\/comments?post=59"}],"version-history":[{"count":19,"href":"https:\/\/eleicoespsicologia.org.br\/crp11\/wp-json\/wp\/v2\/pages\/59\/revisions"}],"predecessor-version":[{"id":239,"href":"https:\/\/eleicoespsicologia.org.br\/crp11\/wp-json\/wp\/v2\/pages\/59\/revisions\/239"}],"wp:attachment":[{"href":"https:\/\/eleicoespsicologia.org.br\/crp11\/wp-json\/wp\/v2\/media?parent=59"}],"curies":[{"name":"wp","href":"https:\/\/api.w.org\/{rel}","templated":true}]}}