{"id":59,"date":"2022-03-18T11:47:38","date_gmt":"2022-03-18T14:47:38","guid":{"rendered":"https:\/\/eleicoes.local\/crp08\/?page_id=59"},"modified":"2025-06-18T12:38:27","modified_gmt":"2025-06-18T15:38:27","slug":"chapas","status":"publish","type":"page","link":"https:\/\/eleicoespsicologia.org.br\/crp13\/chapas\/","title":{"rendered":"Chapas"},"content":{"rendered":"\n<p><strong>CHAPA 11 &#8211; FRENTE PARAIBANA EM DEFESA DA PSICOLOGIA<\/strong><br>ALCIRA DE LOURDES TEOTONIO CAVALCANTI (Encabe\u00e7adora)<br>DAYANE MIRELLY PEREIRA RODRIGUES<br>JO\u00c3O IRINEU DE FRAN\u00c7A NETO<br>AMANDA ALVES DE SOUZA<br>ELINALDO QUIRINO LEAL<br>VALDIZIA MARIA SILVA DO NASCIMENTO<br>ROSI\u00caNE VIEIRA DA SILVA<br>DAVID RODRIGO DA ROCHA<br>JUCIARA NOARA SANTANA DE ARA\u00daJO COSTA<br>M\u00c1CIA CRISTINI DE ALMEIDA BEZERRA<br>DANDARA BARBOSA PALHANO<br>SIMONE ALVES DA SILVA<br>IRISMAR BATISTA DE LIMA<br>EMANUELY KELLY DO NASCIMENTO MONTEIRO<br>FERNANDA PRUD\u00caNCIO DA SILVA<br>ANTONIO LUIZ DA SILVA<br>MARIA JULIANA DE FREITAS FERREIRA<br>CARLA DE SANT&#8217;ANA BRAND\u00c3O COSTA<br>Instagram: <a rel=\"noreferrer noopener\" href=\"https:\/\/www.instagram.com\/frentepbpsi\/\" data-type=\"URL\" data-id=\"https:\/\/www.instagram.com\/frentepbpsi\/\" target=\"_blank\">@frentepbpsi<\/a><br><\/p>\n\n\n\n<p><\/p>\n\n\n\n<p><strong>CHAPA 12 &#8211; ACOLHER, FORTALECER E INTERIORIZAR A PSICOLOGIA<\/strong><br>JOSEFA CRISTINA LISBOA DA COSTA (Encabe\u00e7adora)<br>HALINE CL\u00c9CIA PORTO BARRETO<br>SIMONE FARIAS SARAIVA DOS SANTOS<br>JESSICA SENDY RODRIGUES GALDINO<br>RICARDO ALECSANDER DE QUEIROZ OLIVEIRA<br>WELLINGTA MAGNOLIA LACERDA L. DE ANDRADE<br>VIM\u00c1RIO LACERDA NERY NETO<br>MARIA DO SOCORRO PIMENTEL DA SILVA<br>MONIK GISELLE LIRA MONTEIRO<br>MARIA LILIAN LEAL DE SOUZA<br>JULIA RITA FERREIRA TAVARES<br>JOSEB SILVA ROQUE<br>GERLANE COSTA DOS SANTOS<br>ENOCK VANGER MOURA CRUZ<br>FRANCISCO FABRICIO FIRMINO DE OLIVEIRA<br>MARIA DAS DORES PAZ DOS SANTOS<br>ANA PAULA MAC\u00caDO DA COSTA<br>ROSSANA DE ROCI ALVES BARBOSA COSTA<br>Instagram: <a rel=\"noreferrer noopener\" href=\"https:\/\/www.instagram.com\/psicologia_chapa12\/\" data-type=\"URL\" data-id=\"https:\/\/www.instagram.com\/psicologia_chapa12\/\" target=\"_blank\">@psicologia_chapa12<\/a><\/p>\n","protected":false},"excerpt":{"rendered":"<p>CHAPA 11 &#8211; FRENTE PARAIBANA EM DEFESA DA PSICOLOGIAALCIRA DE LOURDES TEOTONIO CAVALCANTI (Encabe\u00e7adora)DAYANE MIRELLY PEREIRA RODRIGUESJO\u00c3O IRINEU DE FRAN\u00c7A NETOAMANDA ALVES DE SOUZAELINALDO QUIRINO LEALVALDIZIA MARIA SILVA DO NASCIMENTOROSI\u00caNE VIEIRA DA SILVADAVID RODRIGO DA ROCHAJUCIARA NOARA SANTANA DE ARA\u00daJO COSTAM\u00c1CIA CRISTINI DE ALMEIDA BEZERRADANDARA BARBOSA PALHANOSIMONE ALVES DA SILVAIRISMAR BATISTA DE LIMAEMANUELY KELLY DO&#8230; <a class=\"moretag\" href=\"https:\/\/eleicoespsicologia.org.br\/crp13\/chapas\/\">Continue lendo <span class=\"screen-reader-text\">&#8220;Chapas&#8221;<\/span><\/a><\/p>\n","protected":false},"author":2,"featured_media":0,"parent":0,"menu_order":0,"comment_status":"closed","ping_status":"closed","template":"","meta":{"_acf_changed":false,"footnotes":""},"class_list":["post-59","page","type-page","status-publish","hentry"],"acf":[],"_links":{"self":[{"href":"https:\/\/eleicoespsicologia.org.br\/crp13\/wp-json\/wp\/v2\/pages\/59","targetHints":{"allow":["GET"]}}],"collection":[{"href":"https:\/\/eleicoespsicologia.org.br\/crp13\/wp-json\/wp\/v2\/pages"}],"about":[{"href":"https:\/\/eleicoespsicologia.org.br\/crp13\/wp-json\/wp\/v2\/types\/page"}],"author":[{"embeddable":true,"href":"https:\/\/eleicoespsicologia.org.br\/crp13\/wp-json\/wp\/v2\/users\/2"}],"replies":[{"embeddable":true,"href":"https:\/\/eleicoespsicologia.org.br\/crp13\/wp-json\/wp\/v2\/comments?post=59"}],"version-history":[{"count":4,"href":"https:\/\/eleicoespsicologia.org.br\/crp13\/wp-json\/wp\/v2\/pages\/59\/revisions"}],"predecessor-version":[{"id":125,"href":"https:\/\/eleicoespsicologia.org.br\/crp13\/wp-json\/wp\/v2\/pages\/59\/revisions\/125"}],"wp:attachment":[{"href":"https:\/\/eleicoespsicologia.org.br\/crp13\/wp-json\/wp\/v2\/media?parent=59"}],"curies":[{"name":"wp","href":"https:\/\/api.w.org\/{rel}","templated":true}]}}