{"id":59,"date":"2022-03-18T11:47:38","date_gmt":"2022-03-18T14:47:38","guid":{"rendered":"https:\/\/eleicoes.local\/crp08\/?page_id=59"},"modified":"2025-06-18T12:38:27","modified_gmt":"2025-06-18T15:38:27","slug":"chapas","status":"publish","type":"page","link":"https:\/\/eleicoespsicologia.org.br\/crp15\/chapas\/","title":{"rendered":"Chapas"},"content":{"rendered":"\n<h2 class=\"wp-block-heading\">Chapa 11 &#8211; Fortalecer a profiss\u00e3o<\/h2>\n\n\n\n<figure class=\"wp-block-table is-style-stripes\"><table><thead><tr><th>Nome<\/th><th>Cargo<\/th><\/tr><\/thead><tbody><tr><td>LEONARDO TEN\u00d3RIO LINS PEDROSA <\/td><td>Efetivo<\/td><\/tr><tr><td>EVERTON FABR\u00cdCIO CALADO<\/td><td>Efetivo<\/td><\/tr><tr><td>FERNANDO RAMOS GODOI DE ALBUQUERQUE<\/td><td>Efetivo<\/td><\/tr><tr><td>LAEUZA LUCIA DA SILVA FARIAS<\/td><td>Efetivo<\/td><\/tr><tr><td>LA\u00cdS TEN\u00d3RIO LINS PEDROSA<\/td><td>Efetivo<\/td><\/tr><tr><td>LEILANE SILVA FERREIRA<\/td><td>Efetivo<\/td><\/tr><tr><td>BRUNO GUSTAVO LINS DE BARROS <\/td><td>Efetivo<\/td><\/tr><tr><td>LILIANA DE SENA LUCIO<\/td><td>Efetivo<\/td><\/tr><tr><td>MANOEL VIEIRA DE CARVALHO ALENCAR<\/td><td>Efetivo<\/td><\/tr><tr><td>BENJAMIN VANDERLEI DOS SANTOS<\/td><td>Suplente<\/td><\/tr><tr><td>CARMEN RUBIA RANGEL GOMES<\/td><td>Suplente<\/td><\/tr><tr><td>DI\u00caGO MARCOS VIEIRA DA SILVA<\/td><td>Suplente<\/td><\/tr><tr><td>EKLIVANN MARCEL COSTA DE OLIVEIRA<\/td><td>Suplente<\/td><\/tr><tr><td>LIDIANE GUEDES DE OLIVEIRA RICARDO<\/td><td>Suplente<\/td><\/tr><tr><td>LUIZA KARLA SIQUEIRA DE CARVALHO<\/td><td>Suplente<\/td><\/tr><tr><td>MARIA DE FATIMA FEITOZA BASTOS<\/td><td>Suplente<\/td><\/tr><tr><td>MARIA NAT\u00c1LIA MATIAS RODRIGUES<\/td><td>Suplente<\/td><\/tr><tr><td>MORGANA LUCIO SANTOS DE MAGALH\u00c3ES MATURANO<\/td><td>Suplente<\/td><\/tr><\/tbody><\/table><\/figure>\n","protected":false},"excerpt":{"rendered":"<p>Chapa 11 &#8211; Fortalecer a profiss\u00e3o Nome Cargo LEONARDO TEN\u00d3RIO LINS PEDROSA Efetivo EVERTON FABR\u00cdCIO CALADO Efetivo FERNANDO RAMOS GODOI DE ALBUQUERQUE Efetivo LAEUZA LUCIA DA SILVA FARIAS Efetivo LA\u00cdS TEN\u00d3RIO LINS PEDROSA Efetivo LEILANE SILVA FERREIRA Efetivo BRUNO GUSTAVO LINS DE BARROS Efetivo LILIANA DE SENA LUCIO Efetivo MANOEL VIEIRA DE CARVALHO ALENCAR Efetivo&#8230; <a class=\"moretag\" href=\"https:\/\/eleicoespsicologia.org.br\/crp15\/chapas\/\">Continue lendo <span class=\"screen-reader-text\">&#8220;Chapas&#8221;<\/span><\/a><\/p>\n","protected":false},"author":2,"featured_media":0,"parent":0,"menu_order":0,"comment_status":"closed","ping_status":"closed","template":"","meta":{"_acf_changed":false,"footnotes":""},"class_list":["post-59","page","type-page","status-publish","hentry"],"acf":[],"_links":{"self":[{"href":"https:\/\/eleicoespsicologia.org.br\/crp15\/wp-json\/wp\/v2\/pages\/59","targetHints":{"allow":["GET"]}}],"collection":[{"href":"https:\/\/eleicoespsicologia.org.br\/crp15\/wp-json\/wp\/v2\/pages"}],"about":[{"href":"https:\/\/eleicoespsicologia.org.br\/crp15\/wp-json\/wp\/v2\/types\/page"}],"author":[{"embeddable":true,"href":"https:\/\/eleicoespsicologia.org.br\/crp15\/wp-json\/wp\/v2\/users\/2"}],"replies":[{"embeddable":true,"href":"https:\/\/eleicoespsicologia.org.br\/crp15\/wp-json\/wp\/v2\/comments?post=59"}],"version-history":[{"count":3,"href":"https:\/\/eleicoespsicologia.org.br\/crp15\/wp-json\/wp\/v2\/pages\/59\/revisions"}],"predecessor-version":[{"id":140,"href":"https:\/\/eleicoespsicologia.org.br\/crp15\/wp-json\/wp\/v2\/pages\/59\/revisions\/140"}],"wp:attachment":[{"href":"https:\/\/eleicoespsicologia.org.br\/crp15\/wp-json\/wp\/v2\/media?parent=59"}],"curies":[{"name":"wp","href":"https:\/\/api.w.org\/{rel}","templated":true}]}}