{"id":59,"date":"2022-03-18T11:47:38","date_gmt":"2022-03-18T14:47:38","guid":{"rendered":"https:\/\/eleicoes.local\/crp08\/?page_id=59"},"modified":"2025-06-18T12:38:27","modified_gmt":"2025-06-18T15:38:27","slug":"chapas","status":"publish","type":"page","link":"https:\/\/eleicoespsicologia.org.br\/crp19\/chapas\/","title":{"rendered":"Chapas"},"content":{"rendered":"\n<p class=\"has-text-align-center\">Parecer de Aprova\u00e7\u00e3o de Deferimento da Chapa ao Pleito Eleitoral<\/p>\n\n\n\n<p>Por n\u00e3o haver nenhuma pend\u00eancia nem impedimentos que impossibilitem elegibilidade, aprova-se o deferimento no dia 12 de maio de 2022, a Chapa 11 &#8211; &#8220;Crescer e Cuidar da Profiss\u00e3o&#8221; &#8211; para homologa\u00e7\u00e3o ao pleito eleitoral da gest\u00e3o de 2022-2025. Aguarda-se apenas confirma\u00e7\u00e3o das chapas participantes do pleito eleitoral federal atualiza\u00e7\u00e3o nos principais meio sociais.<\/p>\n\n\n\n<figure class=\"wp-block-table aligncenter\"><table><tbody><tr><td class=\"has-text-align-left\" data-align=\"left\"><strong>Chapa n\u00ba 11<br>\u201cCrescer e Cuidar da Profiss\u00e3o\u201d<\/strong><\/td><\/tr><tr><td class=\"has-text-align-left\" data-align=\"left\"><strong>Efetivos<\/strong>:<br>&#8211; Adriano Ferrreira Barros \u2013 19\/631 (<strong>Encabe\u00e7ador<\/strong>)<br>&#8211; Jameson Pereira Silva \u2013 19\/714<br>&#8211; Alberto de Jesus Orge Rocha \u2013 19\/699<br>&#8211; Mario Silvio de Souza Fraga \u2013 19\/3000<br>&#8211; Adriana Gomes do Nascimento \u2013 19\/514<br>&#8211; Andr\u00e9 Luiz Mandarino Borges \u2013 19\/565<br>&#8211; Karla Melo Santos \u2013 19\/1559<br>&#8211; Pedro Alves dos Santos Filho \u2013 19\/1910<br><br><strong>Suplentes<\/strong>:<br>&#8211; Sonia Maria Santos Ferreira &#8211; 19\/1639  (Cota: Negra)<br>&#8211; Priscila Teodoro Teixeira \u2013 19\/966  (Cota: Negra)<br>&#8211; Daniela dos Santos \u2013 19\/3578<br>&#8211; M\u00e9rcia da Silva Santos &#8211; 19\/3336  (Cota: Negra)<br>&#8211; Sara Santos Silva \u2013 19\/1294  (Cota: Negra)<br>&#8211; Tatiane Vieira Santos Santana \u2013 19\/2396<br>&#8211; Aline Souza Co\u00ealho \u2013 19\/3059  (Cota: Pessoa com defici\u00eancia)<br>&#8211; Frederico Dantas Vieira \u2013 19\/1159 (Cota: Pessoa com defici\u00eancia)<br>&#8211; Jameson Thiago Farias Silva \u2013 19\/3311<br><br>Rede social: https:\/\/instagram.com\/crescerecuidar?igshid=YmMyMTA2M2Y=<\/td><\/tr><\/tbody><\/table><\/figure>\n\n\n\n<p>Chapa Deferidas para concorrer nacionalmente:<\/p>\n\n\n\n<p><strong>CHAPA 21 (*) &#8211;&nbsp;FRENTE EM DEFESA DA PSICOLOGIA BRASILEIRA<\/strong><\/p>\n\n\n\n<figure class=\"wp-block-table\"><table><tbody><tr><td><strong>NOME<\/strong><\/td><td><strong>CRP<\/strong><\/td><td><strong>CARGO<\/strong><\/td><\/tr><tr><td>Pedro Paulo Gastalho de Bicalho<\/td><td>05\/26077<\/td><td>Presidente<\/td><\/tr><tr><td>Ivani Francisco de Oliveira<\/td><td>06\/121139<\/td><td>Vice-Presidenta<\/td><\/tr><tr><td>Izabel Augusta Hazin Pires<\/td><td>17\/6573<\/td><td>Secret\u00e1ria<\/td><\/tr><tr><td>C\u00e9lia Mazza de Souza<\/td><td>08\/02052<\/td><td>Tesoureira<\/td><\/tr><tr><td>Carla Isadora Barbosa Canto<\/td><td>10\/03378<\/td><td>Secret\u00e1ria Regi\u00e3o Norte<\/td><\/tr><tr><td>Juliana de Barros Guimar\u00e3es<\/td><td>02\/10764<\/td><td>Secret\u00e1ria Regi\u00e3o Nordeste<\/td><\/tr><tr><td>Carolina Saraiva<\/td><td>01\/18298<\/td><td>Secret\u00e1ria Regi\u00e3o Centro Oeste<\/td><\/tr><tr><td>Roberto Chateaubriand Domingues<\/td><td>04\/6914<\/td><td>Secret\u00e1rio Regi\u00e3o Sudeste<\/td><\/tr><tr><td>Neuza Maria de F\u00e1tima Guareschi<\/td><td>07\/01309<\/td><td>Secret\u00e1ria Regi\u00e3o Sul<\/td><\/tr><tr><td>Ant\u00f4nio Virg\u00edlio Bittencourt Bastos<\/td><td>03\/268<\/td><td>Conselheiro 1<\/td><\/tr><tr><td>Raquel Souza Lobo Guzzo<\/td><td>06\/0577<\/td><td>Conselheira 2<\/td><\/tr><tr><td>Rodrigo Acioli Moura<\/td><td>05\/33761<\/td><td>Suplente<\/td><\/tr><tr><td>Evandro Morais Peixoto<\/td><td>02\/16299<\/td><td>Suplente<\/td><\/tr><tr><td>Edilaise Santos Vieira (Nita Tux\u00e1)<\/td><td>03\/25213<\/td><td>Suplente<\/td><\/tr><tr><td>Alessandra Santos de Almeida<\/td><td>03\/03642<\/td><td>Suplente<\/td><\/tr><tr><td>Fabiane Rodrigues Fonseca<\/td><td>20\/05123<\/td><td>Suplente Regi\u00e3o Norte<\/td><\/tr><tr><td>Clarissa Paranhos Guedes<\/td><td>13\/7675<\/td><td>Suplente Regi\u00e3o Nordeste<\/td><\/tr><tr><td>Gabriel Henrique Pereira de Figueiredo<\/td><td>18\/02762<\/td><td>Suplente Regi\u00e3o Centro Oeste<\/td><\/tr><tr><td>Maria Carolina Fonseca Barbosa Roseiro<\/td><td>16\/2644<\/td><td>Suplente Regi\u00e3o Sudeste<\/td><\/tr><tr><td>Marina de Pol Poniwas<\/td><td>08\/13821<\/td><td>Suplente Regi\u00e3o Sul<\/td><\/tr><tr><td>Rosana Mendes \u00c9leres de Figueiredo<\/td><td>22\/0688<\/td><td>Conselheira suplente 1<\/td><\/tr><tr><td>Jefferson de Souza Bernardes<\/td><td>15\/2491<\/td><td>Conselheiro suplente 2<\/td><\/tr><\/tbody><\/table><\/figure>\n\n\n\n<p><strong>CHAPA 22(*)&nbsp;&#8211;&nbsp;TODA PSICOLOGIA: \u00c9TICA, PLURAL E DEMOCR\u00c1TICA<\/strong><\/p>\n\n\n\n<figure class=\"wp-block-table\"><table><tbody><tr><td><strong>NOME<\/strong><\/td><td><strong>CRP<\/strong><\/td><td><strong>CARGO<\/strong><\/td><\/tr><tr><td>T\u00e1ssio de Oliveira Soares<\/td><td>&nbsp;23\/000660<\/td><td>Presidente<\/td><\/tr><tr><td>Cristiana Ornellas Renner<\/td><td>&nbsp;06\/45824<\/td><td>Vice-Presidenta<\/td><\/tr><tr><td>Eduardo Jasson Loureiro Muniz Moita<\/td><td>&nbsp;21\/0003<\/td><td>Secret\u00e1rio<\/td><\/tr><tr><td>Magaly Silva de Oliveira<\/td><td>&nbsp;20\/01582<\/td><td>Tesoureira<\/td><\/tr><tr><td>Ezequiel Fernandes Andre<\/td><td>&nbsp;20\/10150<\/td><td>Secret\u00e1rio Regi\u00e3o Norte<\/td><\/tr><tr><td>Moara de Oliveira Gamba<\/td><td>&nbsp;22\/00713<\/td><td>Secret\u00e1ria Regi\u00e3o Nordeste<\/td><\/tr><tr><td>Andrielli Kechichian Bessa<\/td><td>&nbsp;09\/001771<\/td><td>Secret\u00e1ria Regi\u00e3o Centro Oeste<\/td><\/tr><tr><td>Elaine Aparecida Saad Larcipretti<\/td><td>&nbsp;06\/25255<\/td><td>Secret\u00e1ria Regi\u00e3o Sudeste<\/td><\/tr><tr><td>Nelson Fernandes Junior<\/td><td>&nbsp;08\/07298<\/td><td>Secret\u00e1ria Regi\u00e3o Sul<\/td><\/tr><tr><td>J\u00falia Pires<\/td><td>&nbsp;16\/6066<\/td><td>Conselheira 1<\/td><\/tr><tr><td>Leila Silva Lemes<\/td><td>&nbsp;04\/48239<\/td><td>Conselheiro 2<\/td><\/tr><tr><td>Eduardo Fagner Machado de Pinho<\/td><td>&nbsp;23\/000670<\/td><td>Suplente<\/td><\/tr><tr><td>Karen Regina Niebuhr<\/td><td>&nbsp;12\/00091<\/td><td>Suplente<\/td><\/tr><tr><td>Maria Das Gra\u00e7as Mendon\u00e7a Sales<\/td><td>&nbsp;20\/03163<\/td><td>Suplente<\/td><\/tr><tr><td>Marcelo Rodrigues Melo<\/td><td>&nbsp;12\/02513<\/td><td>Suplente<\/td><\/tr><tr><td>Leticia Gardenia Carvalho dos Prazeres<\/td><td>&nbsp;10\/02598<\/td><td>Suplente Regi\u00e3o Norte<\/td><\/tr><tr><td>Farley de Mello Carneiro<\/td><td>&nbsp;15\/3833<\/td><td>Suplente Regi\u00e3o Nordeste<\/td><\/tr><tr><td>Glauce Kelly Ferreira<\/td><td>&nbsp;09\/001720<\/td><td>Suplente Regi\u00e3o Centro Oeste<\/td><\/tr><tr><td>Walter Amaro de Salles<\/td><td>&nbsp;16\/2789<\/td><td>Suplente Regi\u00e3o Sudeste<\/td><\/tr><tr><td>Maria Cl\u00e1udia Goulart da Silva<\/td><td>&nbsp;12\/05531<\/td><td>Suplente Regi\u00e3o Sul<\/td><\/tr><tr><td>Maria do Socorro de M. Ramos R. da Silva<\/td><td>&nbsp;24\/00043<\/td><td>Conselheira suplente 1<\/td><\/tr><tr><td>Eneida de Almeida dos Reis<\/td><td>&nbsp;06\/21720<\/td><td>Conselheiro suplente 2<\/td><\/tr><\/tbody><\/table><\/figure>\n","protected":false},"excerpt":{"rendered":"<p>Parecer de Aprova\u00e7\u00e3o de Deferimento da Chapa ao Pleito Eleitoral Por n\u00e3o haver nenhuma pend\u00eancia nem impedimentos que impossibilitem elegibilidade, aprova-se o deferimento no dia 12 de maio de 2022, a Chapa 11 &#8211; &#8220;Crescer e Cuidar da Profiss\u00e3o&#8221; &#8211; para homologa\u00e7\u00e3o ao pleito eleitoral da gest\u00e3o de 2022-2025. Aguarda-se apenas confirma\u00e7\u00e3o das chapas participantes&#8230; <a class=\"moretag\" href=\"https:\/\/eleicoespsicologia.org.br\/crp19\/chapas\/\">Continue lendo <span class=\"screen-reader-text\">&#8220;Chapas&#8221;<\/span><\/a><\/p>\n","protected":false},"author":2,"featured_media":0,"parent":0,"menu_order":0,"comment_status":"closed","ping_status":"closed","template":"","meta":{"_acf_changed":false,"footnotes":""},"class_list":["post-59","page","type-page","status-publish","hentry"],"acf":[],"_links":{"self":[{"href":"https:\/\/eleicoespsicologia.org.br\/crp19\/wp-json\/wp\/v2\/pages\/59","targetHints":{"allow":["GET"]}}],"collection":[{"href":"https:\/\/eleicoespsicologia.org.br\/crp19\/wp-json\/wp\/v2\/pages"}],"about":[{"href":"https:\/\/eleicoespsicologia.org.br\/crp19\/wp-json\/wp\/v2\/types\/page"}],"author":[{"embeddable":true,"href":"https:\/\/eleicoespsicologia.org.br\/crp19\/wp-json\/wp\/v2\/users\/2"}],"replies":[{"embeddable":true,"href":"https:\/\/eleicoespsicologia.org.br\/crp19\/wp-json\/wp\/v2\/comments?post=59"}],"version-history":[{"count":7,"href":"https:\/\/eleicoespsicologia.org.br\/crp19\/wp-json\/wp\/v2\/pages\/59\/revisions"}],"predecessor-version":[{"id":130,"href":"https:\/\/eleicoespsicologia.org.br\/crp19\/wp-json\/wp\/v2\/pages\/59\/revisions\/130"}],"wp:attachment":[{"href":"https:\/\/eleicoespsicologia.org.br\/crp19\/wp-json\/wp\/v2\/media?parent=59"}],"curies":[{"name":"wp","href":"https:\/\/api.w.org\/{rel}","templated":true}]}}