{"id":190,"date":"2022-08-03T15:56:51","date_gmt":"2022-08-03T18:56:51","guid":{"rendered":"http:\/\/eleicoespsicologia.org.br\/crp20\/ponto-de-apoio-a-votacao\/"},"modified":"2025-08-13T10:33:11","modified_gmt":"2025-08-13T13:33:11","slug":"ponto-de-apoio-a-votacao","status":"publish","type":"page","link":"https:\/\/eleicoespsicologia.org.br\/crp20\/ponto-de-apoio-a-votacao\/","title":{"rendered":"Ponto de apoio a vota\u00e7\u00e3o"},"content":{"rendered":"<p>As psic\u00f3logas com pend\u00eancias financeiras ou cadastrais dever\u00e3o comparecer aos Pontos de Apoio \u00e0 Vota\u00e7\u00e3o para<br \/>\n\tregularizar a situa\u00e7\u00e3o. Ao se tornar apta, a psic\u00f3loga deve acessar o site das elei\u00e7\u00f5es,<br \/>\n\twww.eleicoespsicologia.org.br, clicar na op\u00e7\u00e3o votar e em seguida no bot\u00e3o \u201cN\u00e3o tenho minha senha de vota\u00e7\u00e3o\u201d. De<br \/>\n\tposse da senha poder\u00e1 votar em dispositivo pr\u00f3prio ou nos computadores dispon\u00edveis nos Pontos de Apoio \u00e0 Vota\u00e7\u00e3o. \u00c9<br \/>\n\timportante ressaltar que as profissionais n\u00e3o s\u00e3o obrigadas a votar nos pontos disponibilizados pelos Conselhos<br \/>\n\tRegionais.\n<\/p>\n<figure class=\"wp-block-table is-style-stripes\">\n<table>\n<thead>\n<tr>\n<th>Ponto de apoio<\/th>\n<th>Endere\u00e7o<\/th>\n<th>Bairro<\/th>\n<th>Cidade<\/th>\n<th>CEP<\/th>\n<\/tr>\n<\/thead>\n<tbody>\n<tr>\n<td>\n\t\t\t\t\tSede\t\t\t\t<\/td>\n<td>\n\t\t\t\t\tRua Professor Castelo Branco, quadra 5, casa 01 \u2013 Cj. Jardim Yolanda\t\t\t\t<\/td>\n<td>\n\t\t\t\t\tParque Dez de Novembro\t\t\t\t<\/td>\n<td>\n\t\t\t\t\tManaus\/AM\t\t\t\t<\/td>\n<td>\n\t\t\t\t\t69.055-090\t\t\t\t<\/td>\n<\/tr>\n<tr>\n<td>\n\t\t\t\t\tBoa Vista\t\t\t\t<\/td>\n<td>\n\t\t\t\t\tTRAVESSA: B (da Av: M\u00e1rio Homem de Melo), n\u00ba 84\t\t\t\t<\/td>\n<td>\n\t\t\t\t\tCentro\t\t\t\t<\/td>\n<td>\n\t\t\t\t\tBoa Vista\/RR\t\t\t\t<\/td>\n<td>\n\t\t\t\t\t69.301-225\t\t\t\t<\/td>\n<\/tr>\n<\/tbody>\n<\/table>\n<\/figure>\n<p>\n\tO atendimento no Ponto de apoio a vota\u00e7\u00e3o ser\u00e1 realizado das 8 horas \u00e0s 17 horas entre os dias 23 e 27 de agosto de\t2022, respeitando o hor\u00e1rio local.<\/p>\n","protected":false},"excerpt":{"rendered":"<p>As psic\u00f3logas com pend\u00eancias financeiras ou cadastrais dever\u00e3o comparecer aos Pontos de Apoio \u00e0 Vota\u00e7\u00e3o para regularizar a situa\u00e7\u00e3o. Ao se tornar apta, a psic\u00f3loga deve acessar o site das elei\u00e7\u00f5es, www.eleicoespsicologia.org.br, clicar na op\u00e7\u00e3o votar e em seguida no bot\u00e3o \u201cN\u00e3o tenho minha senha de vota\u00e7\u00e3o\u201d. De posse da senha poder\u00e1 votar em dispositivo&#8230; <a class=\"moretag\" href=\"https:\/\/eleicoespsicologia.org.br\/crp20\/ponto-de-apoio-a-votacao\/\">Continue lendo <span class=\"screen-reader-text\">&#8220;Ponto de apoio a vota\u00e7\u00e3o&#8221;<\/span><\/a><\/p>\n","protected":false},"author":2,"featured_media":0,"parent":0,"menu_order":0,"comment_status":"closed","ping_status":"closed","template":"","meta":{"_acf_changed":false,"footnotes":""},"class_list":["post-190","page","type-page","status-publish","hentry"],"acf":[],"_links":{"self":[{"href":"https:\/\/eleicoespsicologia.org.br\/crp20\/wp-json\/wp\/v2\/pages\/190","targetHints":{"allow":["GET"]}}],"collection":[{"href":"https:\/\/eleicoespsicologia.org.br\/crp20\/wp-json\/wp\/v2\/pages"}],"about":[{"href":"https:\/\/eleicoespsicologia.org.br\/crp20\/wp-json\/wp\/v2\/types\/page"}],"author":[{"embeddable":true,"href":"https:\/\/eleicoespsicologia.org.br\/crp20\/wp-json\/wp\/v2\/users\/2"}],"replies":[{"embeddable":true,"href":"https:\/\/eleicoespsicologia.org.br\/crp20\/wp-json\/wp\/v2\/comments?post=190"}],"version-history":[{"count":1,"href":"https:\/\/eleicoespsicologia.org.br\/crp20\/wp-json\/wp\/v2\/pages\/190\/revisions"}],"predecessor-version":[{"id":194,"href":"https:\/\/eleicoespsicologia.org.br\/crp20\/wp-json\/wp\/v2\/pages\/190\/revisions\/194"}],"wp:attachment":[{"href":"https:\/\/eleicoespsicologia.org.br\/crp20\/wp-json\/wp\/v2\/media?parent=190"}],"curies":[{"name":"wp","href":"https:\/\/api.w.org\/{rel}","templated":true}]}}