{"id":59,"date":"2022-03-18T11:47:38","date_gmt":"2022-03-18T14:47:38","guid":{"rendered":"https:\/\/eleicoes.local\/crp08\/?page_id=59"},"modified":"2025-06-18T12:38:28","modified_gmt":"2025-06-18T15:38:28","slug":"chapas","status":"publish","type":"page","link":"https:\/\/eleicoespsicologia.org.br\/crp22\/chapas\/","title":{"rendered":"Chapas"},"content":{"rendered":"\n<p><strong>Chapa 11: JUNTOS PELO DESENVOLVIMENTO E VALORIZA\u00c7\u00c3O DA PSICOLOGIA NO MARANH\u00c3O<\/strong><\/p>\n\n\n\n<figure class=\"wp-block-table is-style-stripes\"><table><thead><tr><th>CRP<\/th><th>NOME<\/th><th>CARGO<\/th><\/tr><\/thead><tbody><tr><td>00202<\/td><td>NELMA PEREIRA DA SILVA<\/td><td>Efetivo<\/td><\/tr><tr><td>02165<\/td><td>P\u00c9RICLES DE SOUZA MACEDO<\/td><td>Efetivo<\/td><\/tr><tr><td>00253<\/td><td>SILVIA REGINA MOREIRA VALE<\/td><td>Efetivo<\/td><\/tr><tr><td>02528<\/td><td>K\u00c1SSIA DE SOUSA MARTINS<\/td><td>Efetivo<\/td><\/tr><tr><td>00418<\/td><td>RAILSON DE OLIVEIRA RODRIGUES<\/td><td>Efetivo<\/td><\/tr><tr><td>02822<\/td><td>JORDOA MOREIRA LEITE<\/td><td>Efetivo<\/td><\/tr><tr><td>00523<\/td><td>IVONE DE OLIVEIRA FERREIRA<\/td><td>Efetivo<\/td><\/tr><tr><td>02795<\/td><td>MARLON MARQUES AGUIAR<\/td><td>Efetivo<\/td><\/tr><tr><td>01107<\/td><td>MICHELLE CORREA MOUCHEREK<\/td><td>Efetivo<\/td><\/tr><tr><td>00411<\/td><td>KIRIA KARINE LINS MARTINS RIBEIRO<\/td><td>Suplente<\/td><\/tr><tr><td>03038<\/td><td>LUCAS ALEXANDRE BAIA BARBOSA<\/td><td>Suplente<\/td><\/tr><tr><td>03466<\/td><td>MARCOS ABRA\u00c3O BORGES SANTOS<\/td><td>Suplente<\/td><\/tr><tr><td>02050<\/td><td>CLAUDINEIDE ALVES DOS SANTOS<\/td><td>Suplente<\/td><\/tr><tr><td>00155<\/td><td>JO\u00c3O DE DEUS CABRAL JUNIOR<\/td><td>Suplente<\/td><\/tr><tr><td>00053<\/td><td>ROSA SORAIDA OLIVEIRA NAVA DE ARRUDA<\/td><td>Suplente<\/td><\/tr><tr><td>01876<\/td><td>PATR\u00cdCIA MARIA PINHEIRO CUTRIM<\/td><td>Suplente<\/td><\/tr><tr><td>01520<\/td><td>LU\u00cdS RICARDO DE MORAES ROCHA SANTOS<\/td><td>Suplente<\/td><\/tr><tr><td>02609<\/td><td>MAR\u00cdLIA RODRIGUES CAMPOS OLIVEIRA<\/td><td>Suplente<\/td><\/tr><\/tbody><\/table><\/figure>\n","protected":false},"excerpt":{"rendered":"<p>Chapa 11: JUNTOS PELO DESENVOLVIMENTO E VALORIZA\u00c7\u00c3O DA PSICOLOGIA NO MARANH\u00c3O CRP NOME CARGO 00202 NELMA PEREIRA DA SILVA Efetivo 02165 P\u00c9RICLES DE SOUZA MACEDO Efetivo 00253 SILVIA REGINA MOREIRA VALE Efetivo 02528 K\u00c1SSIA DE SOUSA MARTINS Efetivo 00418 RAILSON DE OLIVEIRA RODRIGUES Efetivo 02822 JORDOA MOREIRA LEITE Efetivo 00523 IVONE DE OLIVEIRA FERREIRA Efetivo&#8230; <a class=\"moretag\" href=\"https:\/\/eleicoespsicologia.org.br\/crp22\/chapas\/\">Continue lendo <span class=\"screen-reader-text\">&#8220;Chapas&#8221;<\/span><\/a><\/p>\n","protected":false},"author":2,"featured_media":0,"parent":0,"menu_order":0,"comment_status":"closed","ping_status":"closed","template":"","meta":{"_acf_changed":false,"footnotes":""},"class_list":["post-59","page","type-page","status-publish","hentry"],"acf":[],"_links":{"self":[{"href":"https:\/\/eleicoespsicologia.org.br\/crp22\/wp-json\/wp\/v2\/pages\/59","targetHints":{"allow":["GET"]}}],"collection":[{"href":"https:\/\/eleicoespsicologia.org.br\/crp22\/wp-json\/wp\/v2\/pages"}],"about":[{"href":"https:\/\/eleicoespsicologia.org.br\/crp22\/wp-json\/wp\/v2\/types\/page"}],"author":[{"embeddable":true,"href":"https:\/\/eleicoespsicologia.org.br\/crp22\/wp-json\/wp\/v2\/users\/2"}],"replies":[{"embeddable":true,"href":"https:\/\/eleicoespsicologia.org.br\/crp22\/wp-json\/wp\/v2\/comments?post=59"}],"version-history":[{"count":5,"href":"https:\/\/eleicoespsicologia.org.br\/crp22\/wp-json\/wp\/v2\/pages\/59\/revisions"}],"predecessor-version":[{"id":125,"href":"https:\/\/eleicoespsicologia.org.br\/crp22\/wp-json\/wp\/v2\/pages\/59\/revisions\/125"}],"wp:attachment":[{"href":"https:\/\/eleicoespsicologia.org.br\/crp22\/wp-json\/wp\/v2\/media?parent=59"}],"curies":[{"name":"wp","href":"https:\/\/api.w.org\/{rel}","templated":true}]}}