{"id":114,"date":"2022-08-03T15:56:52","date_gmt":"2022-08-03T18:56:52","guid":{"rendered":"http:\/\/eleicoespsicologia.org.br\/crp23\/ponto-de-apoio-a-votacao\/"},"modified":"2025-08-13T10:33:38","modified_gmt":"2025-08-13T13:33:38","slug":"ponto-de-apoio-a-votacao","status":"publish","type":"page","link":"https:\/\/eleicoespsicologia.org.br\/crp23\/ponto-de-apoio-a-votacao\/","title":{"rendered":"Ponto de apoio a vota\u00e7\u00e3o"},"content":{"rendered":"<p>As psic\u00f3logas com pend\u00eancias financeiras ou cadastrais dever\u00e3o comparecer aos Pontos de Apoio \u00e0 Vota\u00e7\u00e3o para regularizar a situa\u00e7\u00e3o.<\/p>\n<p>Ao se tornar apta, a psic\u00f3loga deve acessar o site das elei\u00e7\u00f5es, www.eleicoespsicologia.org.br, clicar na op\u00e7\u00e3o votar e em seguida no bot\u00e3o \u201cN\u00e3o tenho minha senha de vota\u00e7\u00e3o\u201d.<\/p>\n<p>De posse da senha poder\u00e1 votar em dispositivo pr\u00f3prio ou nos computadores dispon\u00edveis nos Pontos de Apoio \u00e0 Vota\u00e7\u00e3o.<\/p>\n<p>\u00c9 importante ressaltar que as profissionais n\u00e3o s\u00e3o obrigadas a votar nos pontos disponibilizados pelos Conselhos Regionais.<\/p>\n<figure class=\"wp-block-table is-style-stripes\">\n<table>\n<thead>\n<tr>\n<th>Ponto de apoio<\/th>\n<th>Endere\u00e7o<\/th>\n<th>Bairro<\/th>\n<th>Cidade<\/th>\n<th>CEP<\/th>\n<\/tr>\n<\/thead>\n<tbody>\n<tr>\n<td>Sede<\/td>\n<td>Quadra 104 norte, Rua NE 3, Lt 25, Sala 9, Galeria 104 Mall<\/td>\n<td>Plano diretor Norte<\/td>\n<td>Palmas\/TO<\/td>\n<td>77006-018<\/td>\n<\/tr>\n<\/tbody>\n<\/table>\n<\/figure>\n<p>Como chegar:<\/p>\n<p>Aponte seu celular para o QR CODE abaixo ou se preferir clique no link:<\/p>\n<p><img loading=\"lazy\" decoding=\"async\" class=\"wp-image-136 aligncenter\" src=\"https:\/\/eleicoespsicologia.org.br\/crp23\/wp-content\/uploads\/sites\/25\/2022\/08\/frame-300x300.png\" alt=\"\" width=\"143\" height=\"143\" srcset=\"https:\/\/eleicoespsicologia.org.br\/crp23\/wp-content\/uploads\/sites\/25\/2022\/08\/frame.png 300w, https:\/\/eleicoespsicologia.org.br\/crp23\/wp-content\/uploads\/sites\/25\/2022\/08\/frame-150x150.png 150w\" sizes=\"auto, (max-width: 143px) 100vw, 143px\" \/><\/p>\n<p style=\"text-align: center\"><a href=\"https:\/\/goo.gl\/maps\/ZVqhwgrmw3NCqpqW9\">https:\/\/goo.gl\/maps\/ZVqhwgrmw3NCqpqW9<\/a><\/p>\n<p>O atendimento no Ponto de apoio a vota\u00e7\u00e3o ser\u00e1 realizado das 8 horas \u00e0s 17 horas entre os dias 23 e 27 de agosto de 2022, respeitando o hor\u00e1rio local.<\/p>\n","protected":false},"excerpt":{"rendered":"<p>As psic\u00f3logas com pend\u00eancias financeiras ou cadastrais dever\u00e3o comparecer aos Pontos de Apoio \u00e0 Vota\u00e7\u00e3o para regularizar a situa\u00e7\u00e3o. Ao se tornar apta, a psic\u00f3loga deve acessar o site das elei\u00e7\u00f5es, www.eleicoespsicologia.org.br, clicar na op\u00e7\u00e3o votar e em seguida no bot\u00e3o \u201cN\u00e3o tenho minha senha de vota\u00e7\u00e3o\u201d. De posse da senha poder\u00e1 votar em dispositivo&#8230; <a class=\"moretag\" href=\"https:\/\/eleicoespsicologia.org.br\/crp23\/ponto-de-apoio-a-votacao\/\">Continue lendo <span class=\"screen-reader-text\">&#8220;Ponto de apoio a vota\u00e7\u00e3o&#8221;<\/span><\/a><\/p>\n","protected":false},"author":73,"featured_media":137,"parent":0,"menu_order":0,"comment_status":"closed","ping_status":"closed","template":"","meta":{"_acf_changed":false,"footnotes":""},"class_list":["post-114","page","type-page","status-publish","has-post-thumbnail","hentry"],"acf":[],"_links":{"self":[{"href":"https:\/\/eleicoespsicologia.org.br\/crp23\/wp-json\/wp\/v2\/pages\/114","targetHints":{"allow":["GET"]}}],"collection":[{"href":"https:\/\/eleicoespsicologia.org.br\/crp23\/wp-json\/wp\/v2\/pages"}],"about":[{"href":"https:\/\/eleicoespsicologia.org.br\/crp23\/wp-json\/wp\/v2\/types\/page"}],"author":[{"embeddable":true,"href":"https:\/\/eleicoespsicologia.org.br\/crp23\/wp-json\/wp\/v2\/users\/73"}],"replies":[{"embeddable":true,"href":"https:\/\/eleicoespsicologia.org.br\/crp23\/wp-json\/wp\/v2\/comments?post=114"}],"version-history":[{"count":6,"href":"https:\/\/eleicoespsicologia.org.br\/crp23\/wp-json\/wp\/v2\/pages\/114\/revisions"}],"predecessor-version":[{"id":135,"href":"https:\/\/eleicoespsicologia.org.br\/crp23\/wp-json\/wp\/v2\/pages\/114\/revisions\/135"}],"wp:featuredmedia":[{"embeddable":true,"href":"https:\/\/eleicoespsicologia.org.br\/crp23\/wp-json\/wp\/v2\/media\/137"}],"wp:attachment":[{"href":"https:\/\/eleicoespsicologia.org.br\/crp23\/wp-json\/wp\/v2\/media?parent=114"}],"curies":[{"name":"wp","href":"https:\/\/api.w.org\/{rel}","templated":true}]}}