{"id":59,"date":"2022-03-18T11:47:38","date_gmt":"2022-03-18T14:47:38","guid":{"rendered":"https:\/\/eleicoes.local\/crp08\/?page_id=59"},"modified":"2025-06-18T12:38:28","modified_gmt":"2025-06-18T15:38:28","slug":"chapas","status":"publish","type":"page","link":"https:\/\/eleicoespsicologia.org.br\/crp23\/chapas\/","title":{"rendered":"Chapas"},"content":{"rendered":"\n<h2 class=\"wp-block-heading\">Chapa 11 &#8211; PRA FRENTE PSI<\/h2>\n\n\n\n<figure class=\"wp-block-table is-style-stripes\" style=\"text-transform:uppercase\"><table><thead><tr><th>Nome<\/th><th>Cargo<\/th><\/tr><\/thead><tbody><tr><td>Alessandro de Almeida Campos<\/td><td>Efetivo<\/td><\/tr><tr><td>ARIVANDRE ARA\u00daJO GUIMAR\u00c3ES TAVARES<\/td><td>Efetivo<\/td><\/tr><tr><td>D\u00d3RKAS PEREIRA BORGES<\/td><td>Efetivo<\/td><\/tr><tr><td>DOUGLAS HERMANN DE SOUSA<\/td><td>Efetivo<\/td><\/tr><tr><td>EDGAR HENRIQUE HEIN TRAPP<\/td><td>Efetivo<\/td><\/tr><tr><td>FRANCISCO MAIOR DE OLIVEIRA NETO<\/td><td>Efetivo<\/td><\/tr><tr><td>KARLA MILHOMEM CARDOSO<\/td><td>Efetivo<\/td><\/tr><tr><td>KENIA POLVA COELHO FERREIRA<\/td><td>Efetivo<\/td><\/tr><tr><td>MARILEIDE GOMES MARTINS<\/td><td>Efetivo<\/td><\/tr><tr><td>FABIANO SANTOS DE CARVALHO FELICIANO<\/td><td>Suplente<\/td><\/tr><tr><td>JOANA D\u00b4ARC QUEIROZ MIRANDA<\/td><td>Suplente<\/td><\/tr><tr><td>Jos\u00e9 Leandro Felizardo Silva<\/td><td>Suplente<\/td><\/tr><tr><td>KALLYNKA DE SOUZA NAZARENO<\/td><td>Suplente<\/td><\/tr><tr><td>KTI\u00daCIA DE SOUSA S\u00c1 NASCIMENTO<\/td><td>Suplente<\/td><\/tr><tr><td>LARISSA QUEIROZ AZEVEDO DE AQUINO<\/td><td>Suplente<\/td><\/tr><tr><td>RAIMUNDA GOMES DA LUZ<\/td><td>Suplente<\/td><\/tr><tr><td>SUSY KELLY MELO RIBEIRO<\/td><td>Suplente<\/td><\/tr><tr><td>VIVIANE MOURA DE AZEVEDO RIBEIRO<\/td><td>Suplente<\/td><\/tr><\/tbody><\/table><\/figure>\n","protected":false},"excerpt":{"rendered":"<p>Chapa 11 &#8211; PRA FRENTE PSI Nome Cargo Alessandro de Almeida Campos Efetivo ARIVANDRE ARA\u00daJO GUIMAR\u00c3ES TAVARES Efetivo D\u00d3RKAS PEREIRA BORGES Efetivo DOUGLAS HERMANN DE SOUSA Efetivo EDGAR HENRIQUE HEIN TRAPP Efetivo FRANCISCO MAIOR DE OLIVEIRA NETO Efetivo KARLA MILHOMEM CARDOSO Efetivo KENIA POLVA COELHO FERREIRA Efetivo MARILEIDE GOMES MARTINS Efetivo FABIANO SANTOS DE CARVALHO&#8230; <a class=\"moretag\" href=\"https:\/\/eleicoespsicologia.org.br\/crp23\/chapas\/\">Continue lendo <span class=\"screen-reader-text\">&#8220;Chapas&#8221;<\/span><\/a><\/p>\n","protected":false},"author":2,"featured_media":0,"parent":0,"menu_order":0,"comment_status":"closed","ping_status":"closed","template":"","meta":{"_acf_changed":false,"footnotes":""},"class_list":["post-59","page","type-page","status-publish","hentry"],"acf":[],"_links":{"self":[{"href":"https:\/\/eleicoespsicologia.org.br\/crp23\/wp-json\/wp\/v2\/pages\/59","targetHints":{"allow":["GET"]}}],"collection":[{"href":"https:\/\/eleicoespsicologia.org.br\/crp23\/wp-json\/wp\/v2\/pages"}],"about":[{"href":"https:\/\/eleicoespsicologia.org.br\/crp23\/wp-json\/wp\/v2\/types\/page"}],"author":[{"embeddable":true,"href":"https:\/\/eleicoespsicologia.org.br\/crp23\/wp-json\/wp\/v2\/users\/2"}],"replies":[{"embeddable":true,"href":"https:\/\/eleicoespsicologia.org.br\/crp23\/wp-json\/wp\/v2\/comments?post=59"}],"version-history":[{"count":3,"href":"https:\/\/eleicoespsicologia.org.br\/crp23\/wp-json\/wp\/v2\/pages\/59\/revisions"}],"predecessor-version":[{"id":130,"href":"https:\/\/eleicoespsicologia.org.br\/crp23\/wp-json\/wp\/v2\/pages\/59\/revisions\/130"}],"wp:attachment":[{"href":"https:\/\/eleicoespsicologia.org.br\/crp23\/wp-json\/wp\/v2\/media?parent=59"}],"curies":[{"name":"wp","href":"https:\/\/api.w.org\/{rel}","templated":true}]}}